{"id":599,"date":"2024-04-18T07:51:54","date_gmt":"2024-04-18T07:51:54","guid":{"rendered":"https:\/\/orthodonticmask.com\/?post_type=product&#038;p=599"},"modified":"2024-07-03T14:02:43","modified_gmt":"2024-07-03T14:02:43","slug":"petit-masque-orthodontique-dynamique-small","status":"publish","type":"product","link":"https:\/\/orthodonticmask.com\/fr\/produit\/petit-masque-orthodontique-dynamique-small\/","title":{"rendered":"Masque facial orthodontique Petit dynamic, petite taille"},"content":{"rendered":"<p>Totalement r\u00e9glable \u00e0 l&rsquo;aide de la cl\u00e9 Allen (incluse).<br \/>\nLes masques sont r\u00e9glables dans plusieurs directions afin de garantir la meilleure traction possible.<br \/>\nArticul\u00e9 pour \u00eatre compatible avec tous les mentons et fronts.<br \/>\nDimensions : largeur max : 8,5 cm \/ largeur min : 6,5 cm \/ <strong>hauteur : 21,5 cm<\/strong><\/p>\n<h4>Couleurs :<\/h4>\n<p>Bleu<\/p>\n<h4>Le paquet comprend :<\/h4>\n<p>BO\u00ceTE<br \/>\n1 FaceMask<br \/>\n1 Cl\u00e9 Allen.<\/p>\n<h4>IFU :<\/h4>\n<p><a href=\"http:\/\/orthodonticmask.com\/wp-content\/uploads\/2024\/03\/IFU_ORTHOCOMFORT.pdf\">Mode d&#8217;emploi &gt;&gt;<\/a><\/p>\n","protected":false},"excerpt":{"rendered":"<p>Masque orthodontique r\u00e9glable<\/p>\n","protected":false},"featured_media":792,"template":"","meta":{"_et_pb_use_builder":"","_et_pb_old_content":"Totalement r\u00e9glable \u00e0 l'aide de la cl\u00e9 Allen (incluse).\r\nLes masques sont r\u00e9glables dans plusieurs directions afin de garantir la meilleure traction possible.\r\nArticul\u00e9 pour \u00eatre compatible avec tous les mentons et fronts.\r\nDimensions : largeur max : 8,5 cm \/ largeur min : 6,5 cm \/ hauteur : 24,5 cm\r\n<h4>Couleurs :<\/h4>\r\nBleu\r\nRouge\r\nAraign\u00e9e\r\nFleur\r\nGraffiti\r\n<h4>Le paquet comprend :<\/h4>\r\nBO\u00ceTE  \r\n1 FaceMask  \r\n1 Cl\u00e9 Allen.\r\n<h4>IFU :<\/h4>\r\n<a href=\"http:\/\/orthodonticmask.com\/wp-content\/uploads\/2024\/03\/IFU_ORTHOCOMFORT.pdf\">Mode d'emploi  >><\/a>","_et_gb_content_width":""},"product_cat":[39],"product_tag":[],"yoast_head":"<!-- This site is optimized with the Yoast SEO plugin v22.5 - https:\/\/yoast.com\/wordpress\/plugins\/seo\/ -->\n<title>Masque facial orthodontique Petit dynamic, petite taille | Itao orthodontic mask<\/title>\n<meta name=\"robots\" content=\"index, follow, max-snippet:-1, max-image-preview:large, max-video-preview:-1\" \/>\n<link rel=\"canonical\" href=\"https:\/\/orthodonticmask.com\/fr\/produit\/petit-masque-orthodontique-dynamique-small\/\" \/>\n<meta property=\"og:locale\" content=\"fr_FR\" \/>\n<meta property=\"og:type\" content=\"article\" \/>\n<meta property=\"og:title\" content=\"Masque facial orthodontique Petit dynamic, petite taille | Itao orthodontic mask\" \/>\n<meta property=\"og:description\" content=\"Masque orthodontique r\u00e9glable\" \/>\n<meta property=\"og:url\" content=\"https:\/\/orthodonticmask.com\/fr\/produit\/petit-masque-orthodontique-dynamique-small\/\" \/>\n<meta property=\"og:site_name\" content=\"Itao orthodontic mask\" \/>\n<meta property=\"article:modified_time\" content=\"2024-07-03T14:02:43+00:00\" \/>\n<meta property=\"og:image\" content=\"https:\/\/orthodonticmask.com\/wp-content\/uploads\/2024\/04\/petit_blu_piccola.jpg\" \/>\n\t<meta property=\"og:image:width\" content=\"692\" \/>\n\t<meta property=\"og:image:height\" content=\"1074\" \/>\n\t<meta property=\"og:image:type\" content=\"image\/jpeg\" \/>\n<meta name=\"twitter:card\" content=\"summary_large_image\" \/>\n<meta name=\"twitter:label1\" content=\"Dur\u00e9e de lecture estim\u00e9e\" \/>\n\t<meta name=\"twitter:data1\" content=\"1 minute\" \/>\n<script type=\"application\/ld+json\" class=\"yoast-schema-graph\">{\"@context\":\"https:\/\/schema.org\",\"@graph\":[{\"@type\":\"WebPage\",\"@id\":\"https:\/\/orthodonticmask.com\/fr\/produit\/petit-masque-orthodontique-dynamique-small\/\",\"url\":\"https:\/\/orthodonticmask.com\/fr\/produit\/petit-masque-orthodontique-dynamique-small\/\",\"name\":\"Masque facial orthodontique Petit dynamic, petite taille | Itao orthodontic mask\",\"isPartOf\":{\"@id\":\"https:\/\/orthodonticmask.com\/fr\/#website\"},\"primaryImageOfPage\":{\"@id\":\"https:\/\/orthodonticmask.com\/fr\/produit\/petit-masque-orthodontique-dynamique-small\/#primaryimage\"},\"image\":{\"@id\":\"https:\/\/orthodonticmask.com\/fr\/produit\/petit-masque-orthodontique-dynamique-small\/#primaryimage\"},\"thumbnailUrl\":\"https:\/\/orthodonticmask.com\/wp-content\/uploads\/2024\/04\/petit_blu_piccola.jpg\",\"datePublished\":\"2024-04-18T07:51:54+00:00\",\"dateModified\":\"2024-07-03T14:02:43+00:00\",\"breadcrumb\":{\"@id\":\"https:\/\/orthodonticmask.com\/fr\/produit\/petit-masque-orthodontique-dynamique-small\/#breadcrumb\"},\"inLanguage\":\"fr-FR\",\"potentialAction\":[{\"@type\":\"ReadAction\",\"target\":[\"https:\/\/orthodonticmask.com\/fr\/produit\/petit-masque-orthodontique-dynamique-small\/\"]}]},{\"@type\":\"ImageObject\",\"inLanguage\":\"fr-FR\",\"@id\":\"https:\/\/orthodonticmask.com\/fr\/produit\/petit-masque-orthodontique-dynamique-small\/#primaryimage\",\"url\":\"https:\/\/orthodonticmask.com\/wp-content\/uploads\/2024\/04\/petit_blu_piccola.jpg\",\"contentUrl\":\"https:\/\/orthodonticmask.com\/wp-content\/uploads\/2024\/04\/petit_blu_piccola.jpg\",\"width\":692,\"height\":1074,\"caption\":\"petit blu small\"},{\"@type\":\"BreadcrumbList\",\"@id\":\"https:\/\/orthodonticmask.com\/fr\/produit\/petit-masque-orthodontique-dynamique-small\/#breadcrumb\",\"itemListElement\":[{\"@type\":\"ListItem\",\"position\":1,\"name\":\"Home\",\"item\":\"https:\/\/orthodonticmask.com\/fr\/\"},{\"@type\":\"ListItem\",\"position\":2,\"name\":\"Masques orthodontiques\",\"item\":\"https:\/\/orthodonticmask.com\/fr\/masques-orthodontiques\/\"},{\"@type\":\"ListItem\",\"position\":3,\"name\":\"Masque facial orthodontique Petit dynamic, petite taille\"}]},{\"@type\":\"WebSite\",\"@id\":\"https:\/\/orthodonticmask.com\/fr\/#website\",\"url\":\"https:\/\/orthodonticmask.com\/fr\/\",\"name\":\"Itao orthodontic mask\",\"description\":\"Delaire and orthodontic masks\",\"publisher\":{\"@id\":\"https:\/\/orthodonticmask.com\/fr\/#organization\"},\"potentialAction\":[{\"@type\":\"SearchAction\",\"target\":{\"@type\":\"EntryPoint\",\"urlTemplate\":\"https:\/\/orthodonticmask.com\/fr\/?s={search_term_string}\"},\"query-input\":\"required name=search_term_string\"}],\"inLanguage\":\"fr-FR\"},{\"@type\":\"Organization\",\"@id\":\"https:\/\/orthodonticmask.com\/fr\/#organization\",\"name\":\"ITA.O Italian Orthodontic System S.r.l.\",\"url\":\"https:\/\/orthodonticmask.com\/fr\/\",\"logo\":{\"@type\":\"ImageObject\",\"inLanguage\":\"fr-FR\",\"@id\":\"https:\/\/orthodonticmask.com\/fr\/#\/schema\/logo\/image\/\",\"url\":\"https:\/\/orthodonticmask.com\/wp-content\/uploads\/2024\/03\/cropped-ItaoIcon-min.png\",\"contentUrl\":\"https:\/\/orthodonticmask.com\/wp-content\/uploads\/2024\/03\/cropped-ItaoIcon-min.png\",\"width\":512,\"height\":512,\"caption\":\"ITA.O Italian Orthodontic System S.r.l.\"},\"image\":{\"@id\":\"https:\/\/orthodonticmask.com\/fr\/#\/schema\/logo\/image\/\"}}]}<\/script>\n<!-- \/ Yoast SEO plugin. -->","yoast_head_json":{"title":"Masque facial orthodontique Petit dynamic, petite taille | Itao orthodontic mask","robots":{"index":"index","follow":"follow","max-snippet":"max-snippet:-1","max-image-preview":"max-image-preview:large","max-video-preview":"max-video-preview:-1"},"canonical":"https:\/\/orthodonticmask.com\/fr\/produit\/petit-masque-orthodontique-dynamique-small\/","og_locale":"fr_FR","og_type":"article","og_title":"Masque facial orthodontique Petit dynamic, petite taille | Itao orthodontic mask","og_description":"Masque orthodontique r\u00e9glable","og_url":"https:\/\/orthodonticmask.com\/fr\/produit\/petit-masque-orthodontique-dynamique-small\/","og_site_name":"Itao orthodontic mask","article_modified_time":"2024-07-03T14:02:43+00:00","og_image":[{"width":692,"height":1074,"url":"https:\/\/orthodonticmask.com\/wp-content\/uploads\/2024\/04\/petit_blu_piccola.jpg","type":"image\/jpeg"}],"twitter_card":"summary_large_image","twitter_misc":{"Dur\u00e9e de lecture estim\u00e9e":"1 minute"},"schema":{"@context":"https:\/\/schema.org","@graph":[{"@type":"WebPage","@id":"https:\/\/orthodonticmask.com\/fr\/produit\/petit-masque-orthodontique-dynamique-small\/","url":"https:\/\/orthodonticmask.com\/fr\/produit\/petit-masque-orthodontique-dynamique-small\/","name":"Masque facial orthodontique Petit dynamic, petite taille | Itao orthodontic mask","isPartOf":{"@id":"https:\/\/orthodonticmask.com\/fr\/#website"},"primaryImageOfPage":{"@id":"https:\/\/orthodonticmask.com\/fr\/produit\/petit-masque-orthodontique-dynamique-small\/#primaryimage"},"image":{"@id":"https:\/\/orthodonticmask.com\/fr\/produit\/petit-masque-orthodontique-dynamique-small\/#primaryimage"},"thumbnailUrl":"https:\/\/orthodonticmask.com\/wp-content\/uploads\/2024\/04\/petit_blu_piccola.jpg","datePublished":"2024-04-18T07:51:54+00:00","dateModified":"2024-07-03T14:02:43+00:00","breadcrumb":{"@id":"https:\/\/orthodonticmask.com\/fr\/produit\/petit-masque-orthodontique-dynamique-small\/#breadcrumb"},"inLanguage":"fr-FR","potentialAction":[{"@type":"ReadAction","target":["https:\/\/orthodonticmask.com\/fr\/produit\/petit-masque-orthodontique-dynamique-small\/"]}]},{"@type":"ImageObject","inLanguage":"fr-FR","@id":"https:\/\/orthodonticmask.com\/fr\/produit\/petit-masque-orthodontique-dynamique-small\/#primaryimage","url":"https:\/\/orthodonticmask.com\/wp-content\/uploads\/2024\/04\/petit_blu_piccola.jpg","contentUrl":"https:\/\/orthodonticmask.com\/wp-content\/uploads\/2024\/04\/petit_blu_piccola.jpg","width":692,"height":1074,"caption":"petit blu small"},{"@type":"BreadcrumbList","@id":"https:\/\/orthodonticmask.com\/fr\/produit\/petit-masque-orthodontique-dynamique-small\/#breadcrumb","itemListElement":[{"@type":"ListItem","position":1,"name":"Home","item":"https:\/\/orthodonticmask.com\/fr\/"},{"@type":"ListItem","position":2,"name":"Masques orthodontiques","item":"https:\/\/orthodonticmask.com\/fr\/masques-orthodontiques\/"},{"@type":"ListItem","position":3,"name":"Masque facial orthodontique Petit dynamic, petite taille"}]},{"@type":"WebSite","@id":"https:\/\/orthodonticmask.com\/fr\/#website","url":"https:\/\/orthodonticmask.com\/fr\/","name":"Itao orthodontic mask","description":"Delaire and orthodontic masks","publisher":{"@id":"https:\/\/orthodonticmask.com\/fr\/#organization"},"potentialAction":[{"@type":"SearchAction","target":{"@type":"EntryPoint","urlTemplate":"https:\/\/orthodonticmask.com\/fr\/?s={search_term_string}"},"query-input":"required name=search_term_string"}],"inLanguage":"fr-FR"},{"@type":"Organization","@id":"https:\/\/orthodonticmask.com\/fr\/#organization","name":"ITA.O Italian Orthodontic System S.r.l.","url":"https:\/\/orthodonticmask.com\/fr\/","logo":{"@type":"ImageObject","inLanguage":"fr-FR","@id":"https:\/\/orthodonticmask.com\/fr\/#\/schema\/logo\/image\/","url":"https:\/\/orthodonticmask.com\/wp-content\/uploads\/2024\/03\/cropped-ItaoIcon-min.png","contentUrl":"https:\/\/orthodonticmask.com\/wp-content\/uploads\/2024\/03\/cropped-ItaoIcon-min.png","width":512,"height":512,"caption":"ITA.O Italian Orthodontic System S.r.l."},"image":{"@id":"https:\/\/orthodonticmask.com\/fr\/#\/schema\/logo\/image\/"}}]}},"_links":{"self":[{"href":"https:\/\/orthodonticmask.com\/fr\/wp-json\/wp\/v2\/product\/599"}],"collection":[{"href":"https:\/\/orthodonticmask.com\/fr\/wp-json\/wp\/v2\/product"}],"about":[{"href":"https:\/\/orthodonticmask.com\/fr\/wp-json\/wp\/v2\/types\/product"}],"wp:featuredmedia":[{"embeddable":true,"href":"https:\/\/orthodonticmask.com\/fr\/wp-json\/wp\/v2\/media\/792"}],"wp:attachment":[{"href":"https:\/\/orthodonticmask.com\/fr\/wp-json\/wp\/v2\/media?parent=599"}],"wp:term":[{"taxonomy":"product_cat","embeddable":true,"href":"https:\/\/orthodonticmask.com\/fr\/wp-json\/wp\/v2\/product_cat?post=599"},{"taxonomy":"product_tag","embeddable":true,"href":"https:\/\/orthodonticmask.com\/fr\/wp-json\/wp\/v2\/product_tag?post=599"}],"curies":[{"name":"wp","href":"https:\/\/api.w.org\/{rel}","templated":true}]}}