{"id":541,"date":"2024-03-25T16:10:04","date_gmt":"2024-03-25T16:10:04","guid":{"rendered":"https:\/\/orthodonticmask.com\/product\/masque-orthodontique-a-protuberance-avec-trous-daeration\/"},"modified":"2024-07-03T13:55:24","modified_gmt":"2024-07-03T13:55:24","slug":"masque-orthodontique-a-protuberance-avec-trous-daeration","status":"publish","type":"product","link":"https:\/\/orthodonticmask.com\/fr\/produit\/masque-orthodontique-a-protuberance-avec-trous-daeration\/","title":{"rendered":"Masque facial orthodontique \u00e0 protub\u00e9rance avec trous d&rsquo;a\u00e9ration"},"content":{"rendered":"<p>L&rsquo;adaptabilit\u00e9 de ce masque facial \u00e0 protraction permet d&rsquo;appliquer une force directionnelle en ajustant la barre d&rsquo;engagement des \u00e9lastiques pour d\u00e9livrer une force de protraction dans le plan d\u00e9sir\u00e9.<br \/>\nLes appuis frontaux et mentonniers enti\u00e8rement r\u00e9glables permettent de s&rsquo;adapter \u00e0 la structure anatomique de la plupart des patients. L&rsquo;angle de traction est alors d\u00e9termin\u00e9 en ajustant la barre d&rsquo;engagement des \u00e9lastiques pour fournir des forces horizontales, vers le haut ou vers le bas, selon les besoins.<br \/>\nDimensions : largeur max : 10 cm \/ largeur min : 6,5 cm \/ hauteur : 22 cm<br \/>\nComprend une cl\u00e9 Allen et 3 jeux de tampons.<\/p>\n<h4>Couleurs :<\/h4>\n<p>Blanc\/ivoire<\/p>\n<h4>Le paquet comprend :<\/h4>\n<p>1 masque<br \/>\n1 paire de rembourrage de remplacement<br \/>\n1 cl\u00e9 de r\u00e9glage<\/p>\n","protected":false},"excerpt":{"rendered":"<p>Masque orthodontique r\u00e9glable<\/p>\n","protected":false},"featured_media":804,"template":"","meta":{"_et_pb_use_builder":"","_et_pb_old_content":"","_et_gb_content_width":""},"product_cat":[39],"product_tag":[],"yoast_head":"<!-- This site is optimized with the Yoast SEO plugin v22.5 - https:\/\/yoast.com\/wordpress\/plugins\/seo\/ -->\n<title>Masque facial orthodontique \u00e0 protub\u00e9rance avec trous d&#039;a\u00e9ration | Itao orthodontic mask<\/title>\n<meta name=\"robots\" content=\"index, follow, max-snippet:-1, max-image-preview:large, max-video-preview:-1\" \/>\n<link rel=\"canonical\" href=\"https:\/\/orthodonticmask.com\/fr\/produit\/masque-orthodontique-a-protuberance-avec-trous-daeration\/\" \/>\n<meta property=\"og:locale\" content=\"fr_FR\" \/>\n<meta property=\"og:type\" content=\"article\" \/>\n<meta property=\"og:title\" content=\"Masque facial orthodontique \u00e0 protub\u00e9rance avec trous d&#039;a\u00e9ration | Itao orthodontic mask\" \/>\n<meta property=\"og:description\" content=\"Masque orthodontique r\u00e9glable\" \/>\n<meta property=\"og:url\" content=\"https:\/\/orthodonticmask.com\/fr\/produit\/masque-orthodontique-a-protuberance-avec-trous-daeration\/\" \/>\n<meta property=\"og:site_name\" content=\"Itao orthodontic mask\" \/>\n<meta property=\"article:modified_time\" content=\"2024-07-03T13:55:24+00:00\" \/>\n<meta property=\"og:image\" content=\"https:\/\/orthodonticmask.com\/wp-content\/uploads\/2024\/03\/petit_gh.jpg\" \/>\n\t<meta property=\"og:image:width\" content=\"692\" \/>\n\t<meta property=\"og:image:height\" content=\"1074\" \/>\n\t<meta property=\"og:image:type\" content=\"image\/jpeg\" \/>\n<meta name=\"twitter:card\" content=\"summary_large_image\" \/>\n<meta name=\"twitter:label1\" content=\"Dur\u00e9e de lecture estim\u00e9e\" \/>\n\t<meta name=\"twitter:data1\" content=\"1 minute\" \/>\n<script type=\"application\/ld+json\" class=\"yoast-schema-graph\">{\"@context\":\"https:\/\/schema.org\",\"@graph\":[{\"@type\":\"WebPage\",\"@id\":\"https:\/\/orthodonticmask.com\/fr\/produit\/masque-orthodontique-a-protuberance-avec-trous-daeration\/\",\"url\":\"https:\/\/orthodonticmask.com\/fr\/produit\/masque-orthodontique-a-protuberance-avec-trous-daeration\/\",\"name\":\"Masque facial orthodontique \u00e0 protub\u00e9rance avec trous d'a\u00e9ration | Itao orthodontic mask\",\"isPartOf\":{\"@id\":\"https:\/\/orthodonticmask.com\/fr\/#website\"},\"primaryImageOfPage\":{\"@id\":\"https:\/\/orthodonticmask.com\/fr\/produit\/masque-orthodontique-a-protuberance-avec-trous-daeration\/#primaryimage\"},\"image\":{\"@id\":\"https:\/\/orthodonticmask.com\/fr\/produit\/masque-orthodontique-a-protuberance-avec-trous-daeration\/#primaryimage\"},\"thumbnailUrl\":\"https:\/\/orthodonticmask.com\/wp-content\/uploads\/2024\/03\/petit_gh.jpg\",\"datePublished\":\"2024-03-25T16:10:04+00:00\",\"dateModified\":\"2024-07-03T13:55:24+00:00\",\"breadcrumb\":{\"@id\":\"https:\/\/orthodonticmask.com\/fr\/produit\/masque-orthodontique-a-protuberance-avec-trous-daeration\/#breadcrumb\"},\"inLanguage\":\"fr-FR\",\"potentialAction\":[{\"@type\":\"ReadAction\",\"target\":[\"https:\/\/orthodonticmask.com\/fr\/produit\/masque-orthodontique-a-protuberance-avec-trous-daeration\/\"]}]},{\"@type\":\"ImageObject\",\"inLanguage\":\"fr-FR\",\"@id\":\"https:\/\/orthodonticmask.com\/fr\/produit\/masque-orthodontique-a-protuberance-avec-trous-daeration\/#primaryimage\",\"url\":\"https:\/\/orthodonticmask.com\/wp-content\/uploads\/2024\/03\/petit_gh.jpg\",\"contentUrl\":\"https:\/\/orthodonticmask.com\/wp-content\/uploads\/2024\/03\/petit_gh.jpg\",\"width\":692,\"height\":1074,\"caption\":\"petit dynamic\"},{\"@type\":\"BreadcrumbList\",\"@id\":\"https:\/\/orthodonticmask.com\/fr\/produit\/masque-orthodontique-a-protuberance-avec-trous-daeration\/#breadcrumb\",\"itemListElement\":[{\"@type\":\"ListItem\",\"position\":1,\"name\":\"Home\",\"item\":\"https:\/\/orthodonticmask.com\/fr\/\"},{\"@type\":\"ListItem\",\"position\":2,\"name\":\"Masques orthodontiques\",\"item\":\"https:\/\/orthodonticmask.com\/fr\/masques-orthodontiques\/\"},{\"@type\":\"ListItem\",\"position\":3,\"name\":\"Masque facial orthodontique \u00e0 protub\u00e9rance avec trous d&#8217;a\u00e9ration\"}]},{\"@type\":\"WebSite\",\"@id\":\"https:\/\/orthodonticmask.com\/fr\/#website\",\"url\":\"https:\/\/orthodonticmask.com\/fr\/\",\"name\":\"Itao orthodontic mask\",\"description\":\"Delaire and orthodontic masks\",\"publisher\":{\"@id\":\"https:\/\/orthodonticmask.com\/fr\/#organization\"},\"potentialAction\":[{\"@type\":\"SearchAction\",\"target\":{\"@type\":\"EntryPoint\",\"urlTemplate\":\"https:\/\/orthodonticmask.com\/fr\/?s={search_term_string}\"},\"query-input\":\"required name=search_term_string\"}],\"inLanguage\":\"fr-FR\"},{\"@type\":\"Organization\",\"@id\":\"https:\/\/orthodonticmask.com\/fr\/#organization\",\"name\":\"ITA.O Italian Orthodontic System S.r.l.\",\"url\":\"https:\/\/orthodonticmask.com\/fr\/\",\"logo\":{\"@type\":\"ImageObject\",\"inLanguage\":\"fr-FR\",\"@id\":\"https:\/\/orthodonticmask.com\/fr\/#\/schema\/logo\/image\/\",\"url\":\"https:\/\/orthodonticmask.com\/wp-content\/uploads\/2024\/03\/cropped-ItaoIcon-min.png\",\"contentUrl\":\"https:\/\/orthodonticmask.com\/wp-content\/uploads\/2024\/03\/cropped-ItaoIcon-min.png\",\"width\":512,\"height\":512,\"caption\":\"ITA.O Italian Orthodontic System S.r.l.\"},\"image\":{\"@id\":\"https:\/\/orthodonticmask.com\/fr\/#\/schema\/logo\/image\/\"}}]}<\/script>\n<!-- \/ Yoast SEO plugin. -->","yoast_head_json":{"title":"Masque facial orthodontique \u00e0 protub\u00e9rance avec trous d'a\u00e9ration | Itao orthodontic mask","robots":{"index":"index","follow":"follow","max-snippet":"max-snippet:-1","max-image-preview":"max-image-preview:large","max-video-preview":"max-video-preview:-1"},"canonical":"https:\/\/orthodonticmask.com\/fr\/produit\/masque-orthodontique-a-protuberance-avec-trous-daeration\/","og_locale":"fr_FR","og_type":"article","og_title":"Masque facial orthodontique \u00e0 protub\u00e9rance avec trous d'a\u00e9ration | Itao orthodontic mask","og_description":"Masque orthodontique r\u00e9glable","og_url":"https:\/\/orthodonticmask.com\/fr\/produit\/masque-orthodontique-a-protuberance-avec-trous-daeration\/","og_site_name":"Itao orthodontic mask","article_modified_time":"2024-07-03T13:55:24+00:00","og_image":[{"width":692,"height":1074,"url":"https:\/\/orthodonticmask.com\/wp-content\/uploads\/2024\/03\/petit_gh.jpg","type":"image\/jpeg"}],"twitter_card":"summary_large_image","twitter_misc":{"Dur\u00e9e de lecture estim\u00e9e":"1 minute"},"schema":{"@context":"https:\/\/schema.org","@graph":[{"@type":"WebPage","@id":"https:\/\/orthodonticmask.com\/fr\/produit\/masque-orthodontique-a-protuberance-avec-trous-daeration\/","url":"https:\/\/orthodonticmask.com\/fr\/produit\/masque-orthodontique-a-protuberance-avec-trous-daeration\/","name":"Masque facial orthodontique \u00e0 protub\u00e9rance avec trous d'a\u00e9ration | Itao orthodontic mask","isPartOf":{"@id":"https:\/\/orthodonticmask.com\/fr\/#website"},"primaryImageOfPage":{"@id":"https:\/\/orthodonticmask.com\/fr\/produit\/masque-orthodontique-a-protuberance-avec-trous-daeration\/#primaryimage"},"image":{"@id":"https:\/\/orthodonticmask.com\/fr\/produit\/masque-orthodontique-a-protuberance-avec-trous-daeration\/#primaryimage"},"thumbnailUrl":"https:\/\/orthodonticmask.com\/wp-content\/uploads\/2024\/03\/petit_gh.jpg","datePublished":"2024-03-25T16:10:04+00:00","dateModified":"2024-07-03T13:55:24+00:00","breadcrumb":{"@id":"https:\/\/orthodonticmask.com\/fr\/produit\/masque-orthodontique-a-protuberance-avec-trous-daeration\/#breadcrumb"},"inLanguage":"fr-FR","potentialAction":[{"@type":"ReadAction","target":["https:\/\/orthodonticmask.com\/fr\/produit\/masque-orthodontique-a-protuberance-avec-trous-daeration\/"]}]},{"@type":"ImageObject","inLanguage":"fr-FR","@id":"https:\/\/orthodonticmask.com\/fr\/produit\/masque-orthodontique-a-protuberance-avec-trous-daeration\/#primaryimage","url":"https:\/\/orthodonticmask.com\/wp-content\/uploads\/2024\/03\/petit_gh.jpg","contentUrl":"https:\/\/orthodonticmask.com\/wp-content\/uploads\/2024\/03\/petit_gh.jpg","width":692,"height":1074,"caption":"petit dynamic"},{"@type":"BreadcrumbList","@id":"https:\/\/orthodonticmask.com\/fr\/produit\/masque-orthodontique-a-protuberance-avec-trous-daeration\/#breadcrumb","itemListElement":[{"@type":"ListItem","position":1,"name":"Home","item":"https:\/\/orthodonticmask.com\/fr\/"},{"@type":"ListItem","position":2,"name":"Masques orthodontiques","item":"https:\/\/orthodonticmask.com\/fr\/masques-orthodontiques\/"},{"@type":"ListItem","position":3,"name":"Masque facial orthodontique \u00e0 protub\u00e9rance avec trous d&#8217;a\u00e9ration"}]},{"@type":"WebSite","@id":"https:\/\/orthodonticmask.com\/fr\/#website","url":"https:\/\/orthodonticmask.com\/fr\/","name":"Itao orthodontic mask","description":"Delaire and orthodontic masks","publisher":{"@id":"https:\/\/orthodonticmask.com\/fr\/#organization"},"potentialAction":[{"@type":"SearchAction","target":{"@type":"EntryPoint","urlTemplate":"https:\/\/orthodonticmask.com\/fr\/?s={search_term_string}"},"query-input":"required name=search_term_string"}],"inLanguage":"fr-FR"},{"@type":"Organization","@id":"https:\/\/orthodonticmask.com\/fr\/#organization","name":"ITA.O Italian Orthodontic System S.r.l.","url":"https:\/\/orthodonticmask.com\/fr\/","logo":{"@type":"ImageObject","inLanguage":"fr-FR","@id":"https:\/\/orthodonticmask.com\/fr\/#\/schema\/logo\/image\/","url":"https:\/\/orthodonticmask.com\/wp-content\/uploads\/2024\/03\/cropped-ItaoIcon-min.png","contentUrl":"https:\/\/orthodonticmask.com\/wp-content\/uploads\/2024\/03\/cropped-ItaoIcon-min.png","width":512,"height":512,"caption":"ITA.O Italian Orthodontic System S.r.l."},"image":{"@id":"https:\/\/orthodonticmask.com\/fr\/#\/schema\/logo\/image\/"}}]}},"_links":{"self":[{"href":"https:\/\/orthodonticmask.com\/fr\/wp-json\/wp\/v2\/product\/541"}],"collection":[{"href":"https:\/\/orthodonticmask.com\/fr\/wp-json\/wp\/v2\/product"}],"about":[{"href":"https:\/\/orthodonticmask.com\/fr\/wp-json\/wp\/v2\/types\/product"}],"wp:featuredmedia":[{"embeddable":true,"href":"https:\/\/orthodonticmask.com\/fr\/wp-json\/wp\/v2\/media\/804"}],"wp:attachment":[{"href":"https:\/\/orthodonticmask.com\/fr\/wp-json\/wp\/v2\/media?parent=541"}],"wp:term":[{"taxonomy":"product_cat","embeddable":true,"href":"https:\/\/orthodonticmask.com\/fr\/wp-json\/wp\/v2\/product_cat?post=541"},{"taxonomy":"product_tag","embeddable":true,"href":"https:\/\/orthodonticmask.com\/fr\/wp-json\/wp\/v2\/product_tag?post=541"}],"curies":[{"name":"wp","href":"https:\/\/api.w.org\/{rel}","templated":true}]}}