{"id":534,"date":"2024-03-07T09:38:24","date_gmt":"2024-03-07T09:38:24","guid":{"rendered":"https:\/\/orthodonticmask.com\/politique-de-confidentialite\/"},"modified":"2024-04-12T15:01:45","modified_gmt":"2024-04-12T15:01:45","slug":"politique-de-confidentialite","status":"publish","type":"page","link":"https:\/\/orthodonticmask.com\/fr\/politique-de-confidentialite\/","title":{"rendered":"Politique de confidentialit\u00e9"},"content":{"rendered":"<p>[et_pb_section fb_built=\u00a0\u00bb1&Prime; _builder_version=\u00a0\u00bb4.16&Prime; global_colors_info=\u00a0\u00bb{}\u00a0\u00bb][et_pb_row _builder_version=\u00a0\u00bb4.16&Prime; background_size=\u00a0\u00bbinitial\u00a0\u00bb background_position=\u00a0\u00bbtop_left\u00a0\u00bb background_repeat=\u00a0\u00bbrepeat\u00a0\u00bb global_colors_info=\u00a0\u00bb{}\u00a0\u00bb][et_pb_column type=\u00a0\u00bb4_4&Prime; _builder_version=\u00a0\u00bb4.16&Prime; custom_padding=\u00a0\u00bb|||\u00a0\u00bb global_colors_info=\u00a0\u00bb{}\u00a0\u00bb custom_padding__hover=\u00a0\u00bb|||\u00a0\u00bb][et_pb_text _builder_version=\u00a0\u00bb4.24.3&Prime; background_size=\u00a0\u00bbinitial\u00a0\u00bb background_position=\u00a0\u00bbtop_left\u00a0\u00bb background_repeat=\u00a0\u00bbrepeat\u00a0\u00bb hover_enabled=\u00a0\u00bb0&Prime; global_colors_info=\u00a0\u00bb{}\u00a0\u00bb sticky_enabled=\u00a0\u00bb0&Prime;]<\/p>\n<h1>Privacy policy<\/h1>\n<p>La pr\u00e9sente information, qui s&rsquo;inscrit dans le cadre de l&rsquo;art. 13 del Regolamento UE 2016\/679. ITA.O Italian Orthodontic System S.r.l.<span>\u00a0<\/span><a href=\"https:\/\/www.itaonet.com\/\">https:\/\/www.itaonet.com<\/a><span> <\/span>en ce qui concerne le traitement des donn\u00e9es \u00e0 caract\u00e8re personnel des utilisateurs qui consultent le site.<\/p>\n<p>L&rsquo;information est disponible uniquement pour l&rsquo;ex\u00e9cution des services fournis par ITA.O Italian Orthodontic System S.r.l. directement ou via le site et non pas pour d&rsquo;autres services ou sites web \u00e9ventuellement consult\u00e9s par les utilisateurs via des lienspertestuels publi\u00e9s sur le site mais r\u00e9f\u00e9renc\u00e9s par des destinataires terriens.<\/p>\n<p><span>Titulaire du traitement des donn\u00e9es<\/span>: ITA.O Italian Orthodontic System S.r.l., sise Via Merighi 30\/3 &#8211; 30\/4 40055 Villanova di Castenaso (Bologna) &#8211; (), e-mail :<span> <\/span><u><br \/><a href=\"mailto:amministrazione@itaonet.com\">amministrazione@itaonet.com<\/a><br \/><\/u>C.F.\/p.IVA 03311480374 (di seguito \u00ab\u00a0Titolare\u00a0\u00bb)<\/p>\n<p><span>Typologie des donn\u00e9es trait\u00e9es<\/span><\/p>\n<p>1)<span> <\/span> Donn\u00e9es de<u>navigation<\/u><\/p>\n<p>Les syst\u00e8mes d&rsquo;information utilis\u00e9s pour le fonctionnement de ce site acqui\u00e8rent certaines donn\u00e9es \u00e0 caract\u00e8re personnel transmises par le biais de protocoles s\u00e9curis\u00e9s. Cette collecte n&rsquo;est en aucun cas finalis\u00e9e \u00e0 l&rsquo;identification de l&rsquo;utilisateur, mais cela pourrait se produire par le biais d&rsquo;\u00e9laborations et d&rsquo;associations avec des donn\u00e9es d\u00e9tenues par d&rsquo;autres. Dans cette cat\u00e9gorie de donn\u00e9es figurent les identifiants IP, l&rsquo;identifiant du navigateur, les identifiants en notation URI (Uniform Resource Identifier) des sources de donn\u00e9es, l&rsquo;ordre de la demande, la m\u00e9thode utilis\u00e9e pour transmettre la demande au serveur, le code num\u00e9rique indiquant l&rsquo;\u00e9tat de la r\u00e9ponse du serveur (par exemple : bonne fin, erreur) et d&rsquo;autres param\u00e8tres relatifs au syst\u00e8me op\u00e9rationnel et \u00e0 l&rsquo;environnement informatique de l&rsquo;utilisateur. bonne fin, erreur) et d&rsquo;autres param\u00e8tres relatifs au syst\u00e8me op\u00e9rationnel et \u00e0 l&rsquo;environnement informatique de l&rsquo;utilisateur.<\/p>\n<p>Ces donn\u00e9es sont utilis\u00e9es uniquement pour obtenir des informations de type statistique (il s&rsquo;agit donc d&rsquo;agr\u00e9gats anonymes) et pour contr\u00f4ler le bon fonctionnement du site.<\/p>\n<p>2)<span> <\/span> Dati<u>personali forniti volontariamente dall&rsquo;utente<\/u><\/p>\n<p>En partie comme pr\u00e9vu pour les donn\u00e9es de navigation, l&rsquo;utilisation des donn\u00e9es personnelles par les utilisateurs est facultative. Il s&rsquo;agit des donn\u00e9es fournies volontairement par le visiteur du site, par exemple en remplissant un formulaire, qui sont trait\u00e9es dans le seul but d&rsquo;offrir le service demand\u00e9.<\/p>\n<p><span>Finalit\u00e9 du traitement<\/span><\/p>\n<p><u>\u00c9limination du service demand\u00e9<\/u><\/p>\n<p>Les donn\u00e9es personnelles fournies par les utilisateurs qui utilisent les services du site web (par exemple, la compilation de formulaires) sont utilis\u00e9es dans le seul but d&rsquo;offrir le service ou la prestation demand\u00e9e. La base juridique du traitement est l&rsquo;\u00e9laboration d&rsquo;une demande sp\u00e9cifique et\/ou d&rsquo;un contrat.<\/p>\n<p><u>Marketing direct<\/u><\/p>\n<p>Sans le consentement pr\u00e9alable et explicite de l&rsquo;utilisateur, ITA.O Italian Orthodontic System S.r.l. peut traiter les donn\u00e9es de l&rsquo;utilisateur pour des activit\u00e9s de marketing direct, y compris pour des int\u00e9r\u00eats sp\u00e9cifiques li\u00e9s \u00e0 des produits ou des services propres ou de partenaires.<\/p>\n<p>En cas d&rsquo;inscription \u00e0 la newsletter, les donn\u00e9es peuvent \u00eatre trait\u00e9es par des activit\u00e9s de profilage en fonction de la zone de provenance ou de vos centres d&rsquo;int\u00e9r\u00eat sp\u00e9cifiques afin de pouvoir envoyer des communications en fonction de vos pr\u00e9f\u00e9rences. La base juridique du traitement est le consentement, qui est de nature factice et qui peut \u00eatre r\u00e9voqu\u00e9 \u00e0 tout moment. L&rsquo;absence de consensus ne pr\u00e9juge pas de l&rsquo;ex\u00e9cution du contrat ou de la demande sp\u00e9cifique.<\/p>\n<p>Dans tous les cas, le Titulaire peut traiter les donn\u00e9es, m\u00eame sans consentement, pour l&rsquo;envoi par courrier \u00e9lectronique de communications et de promotions de produits ou de services similaires \u00e0 ceux acquis pr\u00e9c\u00e9demment. La base juridique du traitement, dans ce cas, est l&rsquo;int\u00e9r\u00eat l\u00e9gitime du titulaire du traitement.<\/p>\n<p><span>Modalit\u00e9s de communication<\/span><\/p>\n<p>Les donn\u00e9es personnelles collect\u00e9es sont trait\u00e9es uniquement par la personne incarn\u00e9e qui a besoin d&rsquo;avoir une connaissance en fonction de sa propre activit\u00e9 ou par des entit\u00e9s ext\u00e9rieures qui fournissent des services au contr\u00f4le du Titulaire (par exemple l&rsquo;activit\u00e9 de gestion du syst\u00e8me informatique) ou qui collaborent avec le Titulaire et qui peuvent fournir des services \u00e0 des Responsables du traitement ou \u00e0 des Titulaires autonomes, les agences et les soci\u00e9t\u00e9s de communication) ou qui collaborent avec le Titulaire et qui peuvent devenir des Responsables du traitement ou des Titulaires autonomes.<\/p>\n<p><span>Modalit\u00e9s de traitement<\/span><\/p>\n<p>Le traitement des donn\u00e9es s&rsquo;effectue \u00e0 l&rsquo;aide de moyens informatiques destin\u00e9s \u00e0 garantir la s\u00e9curit\u00e9 et la confidentialit\u00e9 des donn\u00e9es elles-m\u00eames, dans le respect des r\u00e8gles de s\u00e9curit\u00e9 \u00e9tablies par le Titulaire, par le biais de protocoles de communication s\u00e9curis\u00e9s avec des algorithmes de cryptage SSL.<\/p>\n<p>Les donn\u00e9es peuvent \u00eatre trait\u00e9es sous forme t\u00e9l\u00e9matique et automatique, avec ou sans l&rsquo;utilisation de moyens \u00e9lectroniques, selon les principes de la correction, de la lic\u00e9it\u00e9 et de la transparence.<\/p>\n<p>Les donn\u00e9es peuvent \u00eatre transf\u00e9r\u00e9es vers un pays tiers sur la base des d\u00e9cisions de sauvegarde de la Commission europ\u00e9enne ou sur la base des garanties de sauvegarde pr\u00e9vues par la norme en vigueur (art. 45-46 du r\u00e8glement UE 2016\/679).<\/p>\n<p>Les donn\u00e9es personnelles recueillies ne sont pas diffus\u00e9es.<\/p>\n<p><span>P\u00e9riode de conservation<\/span><\/p>\n<p>Les donn\u00e9es personnelles fournies par l&rsquo;utilisateur sont conserv\u00e9es pendant une p\u00e9riode non sup\u00e9rieure \u00e0 celle n\u00e9cessaire \u00e0 la r\u00e9alisation de la finalit\u00e9 pour laquelle elles ont \u00e9t\u00e9 collect\u00e9es et pendant la dur\u00e9e maximale pr\u00e9vue par la norme (10 ans dans le cas de l&rsquo;acquisition de services sur le site web).<\/p>\n<p>Les donn\u00e9es trait\u00e9es \u00e0 des fins de marketing sont conserv\u00e9es jusqu&rsquo;\u00e0 la r\u00e9vocation du consentement, et ce pour une dur\u00e9e ne d\u00e9passant pas 10 ans.<\/p>\n<p><span>Droits des personnes int\u00e9ress\u00e9es<\/span><\/p>\n<p>L&rsquo;Utente peut \u00e0 tout moment exercer ses propres droits, en qualit\u00e9 d&rsquo;int\u00e9ress\u00e9, face au titulaire du contrat. En particulier, il est possible de :<\/p>\n<ol>\n<li>indiquer l&rsquo;acc\u00e8s aux donn\u00e9es personnelles qui les concernent, la rectification, l&rsquo;int\u00e9gration ou l&rsquo;annulation de ces donn\u00e9es ou la limitation du traitement ;<\/li>\n<li>assurer la portabilit\u00e9 des donn\u00e9es qui s&rsquo;y rapportent ;<\/li>\n<li>de r\u00e9voquer, \u00e0 tout moment, le consentement au traitement des donn\u00e9es qui lui appartiennent en priorit\u00e9 ;<\/li>\n<li>opporsi, in tutto o in parte, al trattamento dei Suoi dati ;<\/li>\n<li>adresser une r\u00e9clamation \u00e0 une autorit\u00e9 de contr\u00f4le ;<\/li>\n<\/ol>\n<p>L&rsquo;utilisateur peut faire valoir ses droits en adressant une demande \u00e9crite au titulaire du contrat \u00e0 l&rsquo;adresse \u00e9lectronique suivante :<span> <\/span><a href=\"https:\/\/www.itaonet.com\/amministrazione@itaonet.com\">amministrazione@itaonet.com<\/a>.<\/p>\n<p><span>Modifications des informations relatives \u00e0 la protection de la vie priv\u00e9e<\/span><\/p>\n<p>La pr\u00e9sente information sur la protection de la vie priv\u00e9e pourrait faire l&rsquo;objet de modifications dans le temps &#8211; notamment en raison de l&rsquo;entr\u00e9e en vigueur \u00e9ventuelle de nouvelles normes de r\u00e9glementation, de l&rsquo;ajout ou de la suppression de nouveaux services ou d&rsquo;innovations technologiques &#8211; pour lesquelles l&rsquo;utilisateur\/visiteur est invit\u00e9 \u00e0 consulter p\u00e9riodiquement cette page.<\/p>\n<p>[\/et_pb_text][\/et_pb_column][\/et_pb_row][\/et_pb_section]<\/p>\n","protected":false},"excerpt":{"rendered":"<p>Privacy policy La pr\u00e9sente information, qui s&rsquo;inscrit dans le cadre de l&rsquo;art. 13 del Regolamento UE 2016\/679. ITA.O Italian Orthodontic System S.r.l.\u00a0https:\/\/www.itaonet.com en ce qui concerne le traitement des donn\u00e9es \u00e0 caract\u00e8re personnel des utilisateurs qui consultent le site. L&rsquo;information est disponible uniquement pour l&rsquo;ex\u00e9cution des services fournis par ITA.O Italian Orthodontic System S.r.l. directement [&hellip;]<\/p>\n","protected":false},"author":1,"featured_media":0,"parent":0,"menu_order":0,"comment_status":"closed","ping_status":"open","template":"","meta":{"_et_pb_use_builder":"on","_et_pb_old_content":"","_et_gb_content_width":"","footnotes":""},"yoast_head":"<!-- This site is optimized with the Yoast SEO plugin v22.5 - https:\/\/yoast.com\/wordpress\/plugins\/seo\/ -->\n<title>Politique de confidentialit\u00e9 | Itao orthodontic mask<\/title>\n<meta name=\"robots\" content=\"index, follow, max-snippet:-1, max-image-preview:large, max-video-preview:-1\" \/>\n<link rel=\"canonical\" href=\"https:\/\/orthodonticmask.com\/fr\/politique-de-confidentialite\/\" \/>\n<meta property=\"og:locale\" content=\"fr_FR\" \/>\n<meta property=\"og:type\" content=\"article\" \/>\n<meta property=\"og:title\" content=\"Politique de confidentialit\u00e9 | Itao orthodontic mask\" \/>\n<meta property=\"og:description\" content=\"Privacy policy La pr\u00e9sente information, qui s&#039;inscrit dans le cadre de l&#039;art. 13 del Regolamento UE 2016\/679. ITA.O Italian Orthodontic System S.r.l.\u00a0https:\/\/www.itaonet.com en ce qui concerne le traitement des donn\u00e9es \u00e0 caract\u00e8re personnel des utilisateurs qui consultent le site. L&#039;information est disponible uniquement pour l&#039;ex\u00e9cution des services fournis par ITA.O Italian Orthodontic System S.r.l. directement [&hellip;]\" \/>\n<meta property=\"og:url\" content=\"https:\/\/orthodonticmask.com\/fr\/politique-de-confidentialite\/\" \/>\n<meta property=\"og:site_name\" content=\"Itao orthodontic mask\" \/>\n<meta property=\"article:modified_time\" content=\"2024-04-12T15:01:45+00:00\" \/>\n<meta property=\"og:image\" content=\"https:\/\/orthodonticmask.com\/wp-content\/uploads\/2024\/03\/mascherablu.jpg\" \/>\n\t<meta property=\"og:image:width\" content=\"1015\" \/>\n\t<meta property=\"og:image:height\" content=\"767\" \/>\n\t<meta property=\"og:image:type\" content=\"image\/jpeg\" \/>\n<meta name=\"twitter:card\" content=\"summary_large_image\" \/>\n<meta name=\"twitter:label1\" content=\"Dur\u00e9e de lecture estim\u00e9e\" \/>\n\t<meta name=\"twitter:data1\" content=\"6 minutes\" \/>\n<script type=\"application\/ld+json\" class=\"yoast-schema-graph\">{\"@context\":\"https:\/\/schema.org\",\"@graph\":[{\"@type\":\"WebPage\",\"@id\":\"https:\/\/orthodonticmask.com\/fr\/politique-de-confidentialite\/\",\"url\":\"https:\/\/orthodonticmask.com\/fr\/politique-de-confidentialite\/\",\"name\":\"Politique de confidentialit\u00e9 | Itao orthodontic mask\",\"isPartOf\":{\"@id\":\"https:\/\/orthodonticmask.com\/fr\/#website\"},\"datePublished\":\"2024-03-07T09:38:24+00:00\",\"dateModified\":\"2024-04-12T15:01:45+00:00\",\"breadcrumb\":{\"@id\":\"https:\/\/orthodonticmask.com\/fr\/politique-de-confidentialite\/#breadcrumb\"},\"inLanguage\":\"fr-FR\",\"potentialAction\":[{\"@type\":\"ReadAction\",\"target\":[\"https:\/\/orthodonticmask.com\/fr\/politique-de-confidentialite\/\"]}]},{\"@type\":\"BreadcrumbList\",\"@id\":\"https:\/\/orthodonticmask.com\/fr\/politique-de-confidentialite\/#breadcrumb\",\"itemListElement\":[{\"@type\":\"ListItem\",\"position\":1,\"name\":\"Home\",\"item\":\"https:\/\/orthodonticmask.com\/fr\/\"},{\"@type\":\"ListItem\",\"position\":2,\"name\":\"Politique de confidentialit\u00e9\"}]},{\"@type\":\"WebSite\",\"@id\":\"https:\/\/orthodonticmask.com\/fr\/#website\",\"url\":\"https:\/\/orthodonticmask.com\/fr\/\",\"name\":\"Itao orthodontic mask\",\"description\":\"Delaire and orthodontic masks\",\"publisher\":{\"@id\":\"https:\/\/orthodonticmask.com\/fr\/#organization\"},\"potentialAction\":[{\"@type\":\"SearchAction\",\"target\":{\"@type\":\"EntryPoint\",\"urlTemplate\":\"https:\/\/orthodonticmask.com\/fr\/?s={search_term_string}\"},\"query-input\":\"required name=search_term_string\"}],\"inLanguage\":\"fr-FR\"},{\"@type\":\"Organization\",\"@id\":\"https:\/\/orthodonticmask.com\/fr\/#organization\",\"name\":\"ITA.O Italian Orthodontic System S.r.l.\",\"url\":\"https:\/\/orthodonticmask.com\/fr\/\",\"logo\":{\"@type\":\"ImageObject\",\"inLanguage\":\"fr-FR\",\"@id\":\"https:\/\/orthodonticmask.com\/fr\/#\/schema\/logo\/image\/\",\"url\":\"https:\/\/orthodonticmask.com\/wp-content\/uploads\/2024\/03\/cropped-ItaoIcon-min.png\",\"contentUrl\":\"https:\/\/orthodonticmask.com\/wp-content\/uploads\/2024\/03\/cropped-ItaoIcon-min.png\",\"width\":512,\"height\":512,\"caption\":\"ITA.O Italian Orthodontic System S.r.l.\"},\"image\":{\"@id\":\"https:\/\/orthodonticmask.com\/fr\/#\/schema\/logo\/image\/\"}}]}<\/script>\n<!-- \/ Yoast SEO plugin. -->","yoast_head_json":{"title":"Politique de confidentialit\u00e9 | Itao orthodontic mask","robots":{"index":"index","follow":"follow","max-snippet":"max-snippet:-1","max-image-preview":"max-image-preview:large","max-video-preview":"max-video-preview:-1"},"canonical":"https:\/\/orthodonticmask.com\/fr\/politique-de-confidentialite\/","og_locale":"fr_FR","og_type":"article","og_title":"Politique de confidentialit\u00e9 | Itao orthodontic mask","og_description":"Privacy policy La pr\u00e9sente information, qui s'inscrit dans le cadre de l'art. 13 del Regolamento UE 2016\/679. ITA.O Italian Orthodontic System S.r.l.\u00a0https:\/\/www.itaonet.com en ce qui concerne le traitement des donn\u00e9es \u00e0 caract\u00e8re personnel des utilisateurs qui consultent le site. L'information est disponible uniquement pour l'ex\u00e9cution des services fournis par ITA.O Italian Orthodontic System S.r.l. directement [&hellip;]","og_url":"https:\/\/orthodonticmask.com\/fr\/politique-de-confidentialite\/","og_site_name":"Itao orthodontic mask","article_modified_time":"2024-04-12T15:01:45+00:00","og_image":[{"width":1015,"height":767,"url":"https:\/\/orthodonticmask.com\/wp-content\/uploads\/2024\/03\/mascherablu.jpg","type":"image\/jpeg"}],"twitter_card":"summary_large_image","twitter_misc":{"Dur\u00e9e de lecture estim\u00e9e":"6 minutes"},"schema":{"@context":"https:\/\/schema.org","@graph":[{"@type":"WebPage","@id":"https:\/\/orthodonticmask.com\/fr\/politique-de-confidentialite\/","url":"https:\/\/orthodonticmask.com\/fr\/politique-de-confidentialite\/","name":"Politique de confidentialit\u00e9 | Itao orthodontic mask","isPartOf":{"@id":"https:\/\/orthodonticmask.com\/fr\/#website"},"datePublished":"2024-03-07T09:38:24+00:00","dateModified":"2024-04-12T15:01:45+00:00","breadcrumb":{"@id":"https:\/\/orthodonticmask.com\/fr\/politique-de-confidentialite\/#breadcrumb"},"inLanguage":"fr-FR","potentialAction":[{"@type":"ReadAction","target":["https:\/\/orthodonticmask.com\/fr\/politique-de-confidentialite\/"]}]},{"@type":"BreadcrumbList","@id":"https:\/\/orthodonticmask.com\/fr\/politique-de-confidentialite\/#breadcrumb","itemListElement":[{"@type":"ListItem","position":1,"name":"Home","item":"https:\/\/orthodonticmask.com\/fr\/"},{"@type":"ListItem","position":2,"name":"Politique de confidentialit\u00e9"}]},{"@type":"WebSite","@id":"https:\/\/orthodonticmask.com\/fr\/#website","url":"https:\/\/orthodonticmask.com\/fr\/","name":"Itao orthodontic mask","description":"Delaire and orthodontic masks","publisher":{"@id":"https:\/\/orthodonticmask.com\/fr\/#organization"},"potentialAction":[{"@type":"SearchAction","target":{"@type":"EntryPoint","urlTemplate":"https:\/\/orthodonticmask.com\/fr\/?s={search_term_string}"},"query-input":"required name=search_term_string"}],"inLanguage":"fr-FR"},{"@type":"Organization","@id":"https:\/\/orthodonticmask.com\/fr\/#organization","name":"ITA.O Italian Orthodontic System S.r.l.","url":"https:\/\/orthodonticmask.com\/fr\/","logo":{"@type":"ImageObject","inLanguage":"fr-FR","@id":"https:\/\/orthodonticmask.com\/fr\/#\/schema\/logo\/image\/","url":"https:\/\/orthodonticmask.com\/wp-content\/uploads\/2024\/03\/cropped-ItaoIcon-min.png","contentUrl":"https:\/\/orthodonticmask.com\/wp-content\/uploads\/2024\/03\/cropped-ItaoIcon-min.png","width":512,"height":512,"caption":"ITA.O Italian Orthodontic System S.r.l."},"image":{"@id":"https:\/\/orthodonticmask.com\/fr\/#\/schema\/logo\/image\/"}}]}},"_links":{"self":[{"href":"https:\/\/orthodonticmask.com\/fr\/wp-json\/wp\/v2\/pages\/534"}],"collection":[{"href":"https:\/\/orthodonticmask.com\/fr\/wp-json\/wp\/v2\/pages"}],"about":[{"href":"https:\/\/orthodonticmask.com\/fr\/wp-json\/wp\/v2\/types\/page"}],"author":[{"embeddable":true,"href":"https:\/\/orthodonticmask.com\/fr\/wp-json\/wp\/v2\/users\/1"}],"replies":[{"embeddable":true,"href":"https:\/\/orthodonticmask.com\/fr\/wp-json\/wp\/v2\/comments?post=534"}],"version-history":[{"count":3,"href":"https:\/\/orthodonticmask.com\/fr\/wp-json\/wp\/v2\/pages\/534\/revisions"}],"predecessor-version":[{"id":590,"href":"https:\/\/orthodonticmask.com\/fr\/wp-json\/wp\/v2\/pages\/534\/revisions\/590"}],"wp:attachment":[{"href":"https:\/\/orthodonticmask.com\/fr\/wp-json\/wp\/v2\/media?parent=534"}],"curies":[{"name":"wp","href":"https:\/\/api.w.org\/{rel}","templated":true}]}}