{"id":686,"date":"2024-04-18T07:51:54","date_gmt":"2024-04-18T07:51:54","guid":{"rendered":"https:\/\/orthodonticmask.com\/product\/mascara-ortodoncica-dinamica-petit-tamano-pequeno\/"},"modified":"2024-07-03T14:07:30","modified_gmt":"2024-07-03T14:07:30","slug":"mascara-ortodoncica-dinamica-petit-tamano-pequeno","status":"publish","type":"product","link":"https:\/\/orthodonticmask.com\/es\/producto\/mascara-ortodoncica-dinamica-petit-tamano-pequeno\/","title":{"rendered":"M\u00e1scara facial ortodoncia din\u00e1mica Petit, tama\u00f1o peque\u00f1o"},"content":{"rendered":"<p>Totalmente ajustable con llave Allen (incluida).<br \/>\nLas mascarillas son ajustables en varias direcciones para garantizar la mejor tracci\u00f3n posible.<br \/>\nArticulado para ser compatible con cualquier barbilla y frente.<br \/>\nMedidas: anchura m\u00e1xima: 8,5 cm \/ anchura m\u00ednima: 6,5 cm \/ <strong>altura: 21,5 cm<\/strong><\/p>\n<h4>Colores:<\/h4>\n<p>Blu<\/p>\n<h4>El paquete incluye:<\/h4>\n<p>CAJA<br \/>\n1 M\u00e1scara facial<br \/>\n1 Llave Allen.<\/p>\n<h4>IFU:<\/h4>\n<p><a href=\"http:\/\/orthodonticmask.com\/wp-content\/uploads\/2024\/03\/IFU_ORTHOCOMFORT.pdf\">Instrucciones de uso &gt;&gt;<\/a><\/p>\n","protected":false},"excerpt":{"rendered":"<p>M\u00e1scara facial ortod\u00f3ncica ajustable<\/p>\n","protected":false},"featured_media":794,"template":"","meta":{"_et_pb_use_builder":"","_et_pb_old_content":"","_et_gb_content_width":""},"product_cat":[46],"product_tag":[],"yoast_head":"<!-- This site is optimized with the Yoast SEO plugin v22.5 - https:\/\/yoast.com\/wordpress\/plugins\/seo\/ -->\n<title>M\u00e1scara facial ortodoncia din\u00e1mica Petit, tama\u00f1o peque\u00f1o | Itao orthodontic mask<\/title>\n<meta name=\"robots\" content=\"index, follow, max-snippet:-1, max-image-preview:large, max-video-preview:-1\" \/>\n<link rel=\"canonical\" href=\"https:\/\/orthodonticmask.com\/es\/producto\/mascara-ortodoncica-dinamica-petit-tamano-pequeno\/\" \/>\n<meta property=\"og:locale\" content=\"es_ES\" \/>\n<meta property=\"og:type\" content=\"article\" \/>\n<meta property=\"og:title\" content=\"M\u00e1scara facial ortodoncia din\u00e1mica Petit, tama\u00f1o peque\u00f1o | Itao orthodontic mask\" \/>\n<meta property=\"og:description\" content=\"M\u00e1scara facial ortod\u00f3ncica ajustable\" \/>\n<meta property=\"og:url\" content=\"https:\/\/orthodonticmask.com\/es\/producto\/mascara-ortodoncica-dinamica-petit-tamano-pequeno\/\" \/>\n<meta property=\"og:site_name\" content=\"Itao orthodontic mask\" \/>\n<meta property=\"article:modified_time\" content=\"2024-07-03T14:07:30+00:00\" \/>\n<meta property=\"og:image\" content=\"https:\/\/orthodonticmask.com\/wp-content\/uploads\/2024\/04\/petit_blu_piccola.jpg\" \/>\n\t<meta property=\"og:image:width\" content=\"692\" \/>\n\t<meta property=\"og:image:height\" content=\"1074\" \/>\n\t<meta property=\"og:image:type\" content=\"image\/jpeg\" \/>\n<meta name=\"twitter:card\" content=\"summary_large_image\" \/>\n<meta name=\"twitter:label1\" content=\"Tiempo de lectura\" \/>\n\t<meta name=\"twitter:data1\" content=\"1 minuto\" \/>\n<script type=\"application\/ld+json\" class=\"yoast-schema-graph\">{\"@context\":\"https:\/\/schema.org\",\"@graph\":[{\"@type\":\"WebPage\",\"@id\":\"https:\/\/orthodonticmask.com\/es\/producto\/mascara-ortodoncica-dinamica-petit-tamano-pequeno\/\",\"url\":\"https:\/\/orthodonticmask.com\/es\/producto\/mascara-ortodoncica-dinamica-petit-tamano-pequeno\/\",\"name\":\"M\u00e1scara facial ortodoncia din\u00e1mica Petit, tama\u00f1o peque\u00f1o | Itao orthodontic mask\",\"isPartOf\":{\"@id\":\"https:\/\/orthodonticmask.com\/es\/#website\"},\"primaryImageOfPage\":{\"@id\":\"https:\/\/orthodonticmask.com\/es\/producto\/mascara-ortodoncica-dinamica-petit-tamano-pequeno\/#primaryimage\"},\"image\":{\"@id\":\"https:\/\/orthodonticmask.com\/es\/producto\/mascara-ortodoncica-dinamica-petit-tamano-pequeno\/#primaryimage\"},\"thumbnailUrl\":\"https:\/\/orthodonticmask.com\/wp-content\/uploads\/2024\/04\/petit_blu_piccola.jpg\",\"datePublished\":\"2024-04-18T07:51:54+00:00\",\"dateModified\":\"2024-07-03T14:07:30+00:00\",\"breadcrumb\":{\"@id\":\"https:\/\/orthodonticmask.com\/es\/producto\/mascara-ortodoncica-dinamica-petit-tamano-pequeno\/#breadcrumb\"},\"inLanguage\":\"es\",\"potentialAction\":[{\"@type\":\"ReadAction\",\"target\":[\"https:\/\/orthodonticmask.com\/es\/producto\/mascara-ortodoncica-dinamica-petit-tamano-pequeno\/\"]}]},{\"@type\":\"ImageObject\",\"inLanguage\":\"es\",\"@id\":\"https:\/\/orthodonticmask.com\/es\/producto\/mascara-ortodoncica-dinamica-petit-tamano-pequeno\/#primaryimage\",\"url\":\"https:\/\/orthodonticmask.com\/wp-content\/uploads\/2024\/04\/petit_blu_piccola.jpg\",\"contentUrl\":\"https:\/\/orthodonticmask.com\/wp-content\/uploads\/2024\/04\/petit_blu_piccola.jpg\",\"width\":692,\"height\":1074,\"caption\":\"petit blu small\"},{\"@type\":\"BreadcrumbList\",\"@id\":\"https:\/\/orthodonticmask.com\/es\/producto\/mascara-ortodoncica-dinamica-petit-tamano-pequeno\/#breadcrumb\",\"itemListElement\":[{\"@type\":\"ListItem\",\"position\":1,\"name\":\"Home\",\"item\":\"https:\/\/orthodonticmask.com\/es\/\"},{\"@type\":\"ListItem\",\"position\":2,\"name\":\"M\u00e1scaras de ortodoncia\",\"item\":\"https:\/\/orthodonticmask.com\/es\/mascaras-de-ortodoncia\/\"},{\"@type\":\"ListItem\",\"position\":3,\"name\":\"M\u00e1scara facial ortodoncia din\u00e1mica Petit, tama\u00f1o peque\u00f1o\"}]},{\"@type\":\"WebSite\",\"@id\":\"https:\/\/orthodonticmask.com\/es\/#website\",\"url\":\"https:\/\/orthodonticmask.com\/es\/\",\"name\":\"Itao orthodontic mask\",\"description\":\"Delaire and orthodontic masks\",\"publisher\":{\"@id\":\"https:\/\/orthodonticmask.com\/es\/#organization\"},\"potentialAction\":[{\"@type\":\"SearchAction\",\"target\":{\"@type\":\"EntryPoint\",\"urlTemplate\":\"https:\/\/orthodonticmask.com\/es\/?s={search_term_string}\"},\"query-input\":\"required name=search_term_string\"}],\"inLanguage\":\"es\"},{\"@type\":\"Organization\",\"@id\":\"https:\/\/orthodonticmask.com\/es\/#organization\",\"name\":\"ITA.O Italian Orthodontic System S.r.l.\",\"url\":\"https:\/\/orthodonticmask.com\/es\/\",\"logo\":{\"@type\":\"ImageObject\",\"inLanguage\":\"es\",\"@id\":\"https:\/\/orthodonticmask.com\/es\/#\/schema\/logo\/image\/\",\"url\":\"https:\/\/orthodonticmask.com\/wp-content\/uploads\/2024\/03\/cropped-ItaoIcon-min.png\",\"contentUrl\":\"https:\/\/orthodonticmask.com\/wp-content\/uploads\/2024\/03\/cropped-ItaoIcon-min.png\",\"width\":512,\"height\":512,\"caption\":\"ITA.O Italian Orthodontic System S.r.l.\"},\"image\":{\"@id\":\"https:\/\/orthodonticmask.com\/es\/#\/schema\/logo\/image\/\"}}]}<\/script>\n<!-- \/ Yoast SEO plugin. -->","yoast_head_json":{"title":"M\u00e1scara facial ortodoncia din\u00e1mica Petit, tama\u00f1o peque\u00f1o | Itao orthodontic mask","robots":{"index":"index","follow":"follow","max-snippet":"max-snippet:-1","max-image-preview":"max-image-preview:large","max-video-preview":"max-video-preview:-1"},"canonical":"https:\/\/orthodonticmask.com\/es\/producto\/mascara-ortodoncica-dinamica-petit-tamano-pequeno\/","og_locale":"es_ES","og_type":"article","og_title":"M\u00e1scara facial ortodoncia din\u00e1mica Petit, tama\u00f1o peque\u00f1o | Itao orthodontic mask","og_description":"M\u00e1scara facial ortod\u00f3ncica ajustable","og_url":"https:\/\/orthodonticmask.com\/es\/producto\/mascara-ortodoncica-dinamica-petit-tamano-pequeno\/","og_site_name":"Itao orthodontic mask","article_modified_time":"2024-07-03T14:07:30+00:00","og_image":[{"width":692,"height":1074,"url":"https:\/\/orthodonticmask.com\/wp-content\/uploads\/2024\/04\/petit_blu_piccola.jpg","type":"image\/jpeg"}],"twitter_card":"summary_large_image","twitter_misc":{"Tiempo de lectura":"1 minuto"},"schema":{"@context":"https:\/\/schema.org","@graph":[{"@type":"WebPage","@id":"https:\/\/orthodonticmask.com\/es\/producto\/mascara-ortodoncica-dinamica-petit-tamano-pequeno\/","url":"https:\/\/orthodonticmask.com\/es\/producto\/mascara-ortodoncica-dinamica-petit-tamano-pequeno\/","name":"M\u00e1scara facial ortodoncia din\u00e1mica Petit, tama\u00f1o peque\u00f1o | Itao orthodontic mask","isPartOf":{"@id":"https:\/\/orthodonticmask.com\/es\/#website"},"primaryImageOfPage":{"@id":"https:\/\/orthodonticmask.com\/es\/producto\/mascara-ortodoncica-dinamica-petit-tamano-pequeno\/#primaryimage"},"image":{"@id":"https:\/\/orthodonticmask.com\/es\/producto\/mascara-ortodoncica-dinamica-petit-tamano-pequeno\/#primaryimage"},"thumbnailUrl":"https:\/\/orthodonticmask.com\/wp-content\/uploads\/2024\/04\/petit_blu_piccola.jpg","datePublished":"2024-04-18T07:51:54+00:00","dateModified":"2024-07-03T14:07:30+00:00","breadcrumb":{"@id":"https:\/\/orthodonticmask.com\/es\/producto\/mascara-ortodoncica-dinamica-petit-tamano-pequeno\/#breadcrumb"},"inLanguage":"es","potentialAction":[{"@type":"ReadAction","target":["https:\/\/orthodonticmask.com\/es\/producto\/mascara-ortodoncica-dinamica-petit-tamano-pequeno\/"]}]},{"@type":"ImageObject","inLanguage":"es","@id":"https:\/\/orthodonticmask.com\/es\/producto\/mascara-ortodoncica-dinamica-petit-tamano-pequeno\/#primaryimage","url":"https:\/\/orthodonticmask.com\/wp-content\/uploads\/2024\/04\/petit_blu_piccola.jpg","contentUrl":"https:\/\/orthodonticmask.com\/wp-content\/uploads\/2024\/04\/petit_blu_piccola.jpg","width":692,"height":1074,"caption":"petit blu small"},{"@type":"BreadcrumbList","@id":"https:\/\/orthodonticmask.com\/es\/producto\/mascara-ortodoncica-dinamica-petit-tamano-pequeno\/#breadcrumb","itemListElement":[{"@type":"ListItem","position":1,"name":"Home","item":"https:\/\/orthodonticmask.com\/es\/"},{"@type":"ListItem","position":2,"name":"M\u00e1scaras de ortodoncia","item":"https:\/\/orthodonticmask.com\/es\/mascaras-de-ortodoncia\/"},{"@type":"ListItem","position":3,"name":"M\u00e1scara facial ortodoncia din\u00e1mica Petit, tama\u00f1o peque\u00f1o"}]},{"@type":"WebSite","@id":"https:\/\/orthodonticmask.com\/es\/#website","url":"https:\/\/orthodonticmask.com\/es\/","name":"Itao orthodontic mask","description":"Delaire and orthodontic masks","publisher":{"@id":"https:\/\/orthodonticmask.com\/es\/#organization"},"potentialAction":[{"@type":"SearchAction","target":{"@type":"EntryPoint","urlTemplate":"https:\/\/orthodonticmask.com\/es\/?s={search_term_string}"},"query-input":"required name=search_term_string"}],"inLanguage":"es"},{"@type":"Organization","@id":"https:\/\/orthodonticmask.com\/es\/#organization","name":"ITA.O Italian Orthodontic System S.r.l.","url":"https:\/\/orthodonticmask.com\/es\/","logo":{"@type":"ImageObject","inLanguage":"es","@id":"https:\/\/orthodonticmask.com\/es\/#\/schema\/logo\/image\/","url":"https:\/\/orthodonticmask.com\/wp-content\/uploads\/2024\/03\/cropped-ItaoIcon-min.png","contentUrl":"https:\/\/orthodonticmask.com\/wp-content\/uploads\/2024\/03\/cropped-ItaoIcon-min.png","width":512,"height":512,"caption":"ITA.O Italian Orthodontic System S.r.l."},"image":{"@id":"https:\/\/orthodonticmask.com\/es\/#\/schema\/logo\/image\/"}}]}},"_links":{"self":[{"href":"https:\/\/orthodonticmask.com\/es\/wp-json\/wp\/v2\/product\/686"}],"collection":[{"href":"https:\/\/orthodonticmask.com\/es\/wp-json\/wp\/v2\/product"}],"about":[{"href":"https:\/\/orthodonticmask.com\/es\/wp-json\/wp\/v2\/types\/product"}],"wp:featuredmedia":[{"embeddable":true,"href":"https:\/\/orthodonticmask.com\/es\/wp-json\/wp\/v2\/media\/794"}],"wp:attachment":[{"href":"https:\/\/orthodonticmask.com\/es\/wp-json\/wp\/v2\/media?parent=686"}],"wp:term":[{"taxonomy":"product_cat","embeddable":true,"href":"https:\/\/orthodonticmask.com\/es\/wp-json\/wp\/v2\/product_cat?post=686"},{"taxonomy":"product_tag","embeddable":true,"href":"https:\/\/orthodonticmask.com\/es\/wp-json\/wp\/v2\/product_tag?post=686"}],"curies":[{"name":"wp","href":"https:\/\/api.w.org\/{rel}","templated":true}]}}