{"id":643,"date":"2024-03-07T09:38:24","date_gmt":"2024-03-07T09:38:24","guid":{"rendered":"https:\/\/orthodonticmask.com\/politica-de-privacidad\/"},"modified":"2024-04-18T09:36:40","modified_gmt":"2024-04-18T09:36:40","slug":"politica-de-privacidad","status":"publish","type":"page","link":"https:\/\/orthodonticmask.com\/es\/politica-de-privacidad\/","title":{"rendered":"Pol\u00edtica de privacidad"},"content":{"rendered":"<p>[et_pb_section fb_built=\u00bb1&#8243; _builder_version=\u00bb4.16&#8243; global_colors_info=\u00bb{}\u00bb][et_pb_row _builder_version=\u00bb4.16&#8243; background_size=\u00bbinitial\u00bb background_position=\u00bbtop_left\u00bb background_repeat=\u00bbrepeat\u00bb global_colors_info=\u00bb{}\u00bb][et_pb_column type=\u00bb4_4&#8243; _builder_version=\u00bb4.16&#8243; custom_padding=\u00bb|||\u00bb global_colors_info=\u00bb{}\u00bb custom_padding__hover=\u00bb|||\u00bb][et_pb_text _builder_version=\u00bb4.24.3&#8243; background_size=\u00bbinitial\u00bb background_position=\u00bbtop_left\u00bb background_repeat=\u00bbrepeat\u00bb hover_enabled=\u00bb0&#8243; global_colors_info=\u00bb{}\u00bb sticky_enabled=\u00bb0&#8243;]<\/p>\n<h1>Privacidad informativa<\/h1>\n<p>La presente informativa, resa ai sensi dell&#8217;art. 13 del Reglamento UE 2016\/679, da ITA.O Italian Orthodontic System S.r.l. in qualit\u00e0 di titolare del trattamento dei dati, ha lo scopo di descrivere le modalit\u00e0 di gestione del sito Internet<span> <\/span><a href=\"https:\/\/www.itaonet.com\/\">https:\/\/www.itaonet.com<\/a><span> <\/span>en relaci\u00f3n con el tratamiento de los datos personales de los usuarios que consultan.<\/p>\n<p>La informaci\u00f3n s\u00f3lo se proporciona para la ejecuci\u00f3n de los servicios prestados por ITA.O Italian Orthodontic System S.r.l. directamente o a trav\u00e9s del sitio y no para otros servicios o sitios web eventualmente consultados por los usuarios a trav\u00e9s de enlaces hipertextuales publicados en el sitio pero referidos a terceros.<\/p>\n<p><span>Titular del tratamiento de los datos<\/span>: ITA.O Italian Orthodontic System S.r.l., con sede en Via Merighi 30\/3 &#8211; 30\/4 40055 Villanova di Castenaso (Bolonia) &#8211; (), e-mail:<span> <\/span><u><br \/>\n  <a href=\"mailto:amministrazione@itaonet.com\">amministrazione@itaonet.com<\/a><br \/>\n<\/u>, C.F.\/p.IVA 03311480374 (di seguito \u00abTitolare\u00bb)<\/p>\n<p><span>Tipos de datos tratados<\/span><\/p>\n<p>1)<span> <\/span> Dati<u>di navigazione<\/u><\/p>\n<p>Los sistemas inform\u00e1ticos destinados al funcionamiento de este Sitio web adquieren algunos datos de car\u00e1cter personal transmitidos mediante protocolos seguros. Esta recopilaci\u00f3n no finaliza en modo alguno con la identificaci\u00f3n del usuario, pero podr\u00eda producirse mediante elaboraciones y asociaciones con datos de terceros. En esta categor\u00eda de datos se incluyen los identificadores IP, el identificador del navegador, los identificadores en nota URI (Uniform Resource Identifier, Identificador de recursos uniforme) de las solicitudes de respuesta, el orario de la solicitud, el m\u00e9todo utilizado para enviar la solicitud al servidor, el c\u00f3digo num\u00e9rico que indica el estado de la respuesta del servidor (por ejemplo. bien, error) y otros par\u00e1metros relacionados con el sistema operativo y el entorno inform\u00e1tico del usuario.<\/p>\n<p>Estos datos se utilizar\u00e1n \u00fanicamente para obtener informaci\u00f3n de tipo estad\u00edstico (por lo tanto, son agregados an\u00f3nimos) y para controlar el correcto funcionamiento del sitio.<\/p>\n<p>2)<span> <\/span> Dati<u>personali forniti volontariamente dall&#8217;utente<\/u><\/p>\n<p>En parte, como est\u00e1 previsto para los datos de navegaci\u00f3n, la entrega de datos personales por parte de los usuarios es facultativa. Se trata de los datos proporcionados voluntariamente por el visitante del sitio, por ejemplo, al cumplimentar un formulario, que se tratar\u00e1n con el \u00fanico fin de prestar el servicio solicitado.<\/p>\n<p><span>Finalidad del tratamiento<\/span><\/p>\n<p><u>Erogaci\u00f3n del servicio solicitado<\/u><\/p>\n<p>Los datos personales facilitados por los usuarios que utilicen los servicios del sitio web (por ejemplo, la cumplimentaci\u00f3n de formularios) se utilizar\u00e1n \u00fanicamente para prestar el servicio o la prestaci\u00f3n solicitados. La base jur\u00eddica del trato es la suscripci\u00f3n de una solicitud espec\u00edfica y\/o de un contrato.<\/p>\n<p><u>Marketing directo<\/u><\/p>\n<p>S\u00f3lo previo consentimiento expl\u00edcito del usuario, ITA.O Italian Orthodontic System S.r.l. podr\u00e1 tratar los datos del usuario para actividades de marketing directo, incluso de inter\u00e9s espec\u00edfico relativo a productos o servicios propios o de socios.<\/p>\n<p>En caso de suscripci\u00f3n al bolet\u00edn de noticias, los datos podr\u00e1n ser tratados mediante actividades de perfilado en base a la zona de procedencia o en base a sus \u00e1reas espec\u00edficas de inter\u00e9s con el fin de poder enviar comunicaciones en base a las preferencias. La base jur\u00eddica del tratamiento es el consenso, que tiene naturaleza facultativa y que puede revocarse en cualquier momento. La falta de consenso no prejuzga la ejecuci\u00f3n del contrato o de la solicitud espec\u00edfica.<\/p>\n<p>En cualquier caso, el Titular podr\u00e1 tratar los datos, incluso sin consentimiento, para el env\u00edo por correo electr\u00f3nico de comunicaciones y promociones de productos o servicios similares a los adquiridos anteriormente. La base giuridica del trattamento, in questo caso, \u00e8 il legittimo interesse del Titolare del trattamento.<\/p>\n<p><span>Modalidades de comunicaci\u00f3n<\/span><\/p>\n<p>Los datos personales recogidos ser\u00e1n tratados s\u00f3lo por personal encarcelado que tenga necesidad de conocerlos en funci\u00f3n de su propia actividad o por personas externas que presten servicios por cuenta del Titular (por ejemplo, la actividad de gesti\u00f3n del sistema inform\u00e1tico, agenzie e societ\u00e0 di comunicazione) o que colaboren con el Titular y que puedan convertirse en Responsables del tratamiento o Titulares aut\u00f3nomos.<\/p>\n<p><span>Modalidades de tratamiento<\/span><\/p>\n<p>El tratamiento de los datos se lleva a cabo a trav\u00e9s de sistemas inform\u00e1ticos destinados a garantizar la seguridad y la protecci\u00f3n de los datos, en cumplimiento de las normas de seguridad establecidas por el Titular, mediante protocolos de comunicaci\u00f3n seguros con algoritmos de seguridad SSL.<\/p>\n<p>Los datos pueden tratarse de forma telem\u00e1tica o automatizada, con o sin el uso de medios electr\u00f3nicos, seg\u00fan los principios de correcci\u00f3n, lentitud y transparencia.<\/p>\n<p>Los datos podr\u00e1n transferirse a un tercer pa\u00eds sobre la base de las decisiones de adecuaci\u00f3n de la Comisi\u00f3n Europea o sobre la base de las garant\u00edas adecuadas previstas en la normativa vigente (arts. 45-46 del Reglamento UE 2016\/679).<\/p>\n<p>Los datos personales recogidos no se difundir\u00e1n.<\/p>\n<p><span>Periodo de conservaci\u00f3n<\/span><\/p>\n<p>Los datos personales facilitados por el usuario se conservar\u00e1n durante un periodo no superior al necesario para la consecuci\u00f3n del fin para el que fueron recogidos y durante el plazo m\u00e1ximo previsto por la normativa (10 a\u00f1os en caso de adquisici\u00f3n de servicios en el Sitio web).<\/p>\n<p>Los datos tratados con fines de marketing se conservar\u00e1n hasta la revocaci\u00f3n del consenso, y por un plazo no superior a 10 a\u00f1os.<\/p>\n<p><span>Derechos de los interesados<\/span><\/p>\n<p>L&#8217;Utente in ogni momento potr\u00e0 esercitare i propri diritti, in qualit\u00e0 di interessato, nei confronti del Titolare del trattamento. In particolare potr\u00e0:<\/p>\n<ol>\n<li>\n<p>chiedere l&#8217;accesso ai dati personali che lo riguardano, la rettificazione, l&#8217;integrazione o la cancellazione degli stessi o la limitazione del trattamento;<\/p>\n<\/li>\n<li>\n<p>conseguir la portabilidad de los datos que te conciernen;<\/p>\n<\/li>\n<li>\n<p>revocar, en cualquier momento, el consentimiento prestado para el tratamiento de tus datos personales;<\/p>\n<\/li>\n<li>\n<p>opporsi, in tutto o in parte, al trattamento dei Suoi dati;<\/p>\n<\/li>\n<li>\n<p>proporcionar reclamo a una Autoridad de Control;<\/p>\n<\/li>\n<\/ol>\n<p>El Usuario podr\u00e1 ejercer sus derechos mediante solicitud escrita, enviada al Titular del contrato, a la direcci\u00f3n de correo electr\u00f3nico:<span> <\/span><a href=\"https:\/\/www.itaonet.com\/amministrazione@itaonet.com\">amministrazione@itaonet.com.<\/a><\/p>\n<p><span>Cambios en la informaci\u00f3n sobre privacidad<\/span><\/p>\n<p>La presente informaci\u00f3n sobre la privacidad puede sufrir modificaciones con el tiempo -incluso con motivo de la posible entrada en vigor de nuevas normativas sectoriales, la ampliaci\u00f3n o eliminaci\u00f3n de nuevos servicios o la intervenci\u00f3n de innovaciones tecnol\u00f3gicas- por lo que se invita al Usuario\/Visitante a consultar peri\u00f3dicamente esta p\u00e1gina.<\/p>\n<p>[\/et_pb_text][\/et_pb_column][\/et_pb_row][\/et_pb_section]<\/p>\n","protected":false},"excerpt":{"rendered":"<p>Privacidad informativa La presente informativa, resa ai sensi dell&#8217;art. 13 del Reglamento UE 2016\/679, da ITA.O Italian Orthodontic System S.r.l. in qualit\u00e0 di titolare del trattamento dei dati, ha lo scopo di descrivere le modalit\u00e0 di gestione del sito Internet https:\/\/www.itaonet.com en relaci\u00f3n con el tratamiento de los datos personales de los usuarios que consultan. [&hellip;]<\/p>\n","protected":false},"author":1,"featured_media":0,"parent":0,"menu_order":0,"comment_status":"closed","ping_status":"open","template":"","meta":{"_et_pb_use_builder":"on","_et_pb_old_content":"","_et_gb_content_width":"","footnotes":""},"yoast_head":"<!-- This site is optimized with the Yoast SEO plugin v22.5 - https:\/\/yoast.com\/wordpress\/plugins\/seo\/ -->\n<title>Pol\u00edtica de privacidad | Itao orthodontic mask<\/title>\n<meta name=\"robots\" content=\"index, follow, max-snippet:-1, max-image-preview:large, max-video-preview:-1\" \/>\n<link rel=\"canonical\" href=\"https:\/\/orthodonticmask.com\/es\/politica-de-privacidad\/\" \/>\n<meta property=\"og:locale\" content=\"es_ES\" \/>\n<meta property=\"og:type\" content=\"article\" \/>\n<meta property=\"og:title\" content=\"Pol\u00edtica de privacidad | Itao orthodontic mask\" \/>\n<meta property=\"og:description\" content=\"Privacidad informativa La presente informativa, resa ai sensi dell&#039;art. 13 del Reglamento UE 2016\/679, da ITA.O Italian Orthodontic System S.r.l. in qualit\u00e0 di titolare del trattamento dei dati, ha lo scopo di descrivere le modalit\u00e0 di gestione del sito Internet https:\/\/www.itaonet.com en relaci\u00f3n con el tratamiento de los datos personales de los usuarios que consultan. [&hellip;]\" \/>\n<meta property=\"og:url\" content=\"https:\/\/orthodonticmask.com\/es\/politica-de-privacidad\/\" \/>\n<meta property=\"og:site_name\" content=\"Itao orthodontic mask\" \/>\n<meta property=\"article:modified_time\" content=\"2024-04-18T09:36:40+00:00\" \/>\n<meta property=\"og:image\" content=\"https:\/\/orthodonticmask.com\/wp-content\/uploads\/2024\/03\/mascherablu.jpg\" \/>\n\t<meta property=\"og:image:width\" content=\"1015\" \/>\n\t<meta property=\"og:image:height\" content=\"767\" \/>\n\t<meta property=\"og:image:type\" content=\"image\/jpeg\" \/>\n<meta name=\"twitter:card\" content=\"summary_large_image\" \/>\n<meta name=\"twitter:label1\" content=\"Tiempo de lectura\" \/>\n\t<meta name=\"twitter:data1\" content=\"6 minutos\" \/>\n<script type=\"application\/ld+json\" class=\"yoast-schema-graph\">{\"@context\":\"https:\/\/schema.org\",\"@graph\":[{\"@type\":\"WebPage\",\"@id\":\"https:\/\/orthodonticmask.com\/es\/politica-de-privacidad\/\",\"url\":\"https:\/\/orthodonticmask.com\/es\/politica-de-privacidad\/\",\"name\":\"Pol\u00edtica de privacidad | Itao orthodontic mask\",\"isPartOf\":{\"@id\":\"https:\/\/orthodonticmask.com\/es\/#website\"},\"datePublished\":\"2024-03-07T09:38:24+00:00\",\"dateModified\":\"2024-04-18T09:36:40+00:00\",\"breadcrumb\":{\"@id\":\"https:\/\/orthodonticmask.com\/es\/politica-de-privacidad\/#breadcrumb\"},\"inLanguage\":\"es\",\"potentialAction\":[{\"@type\":\"ReadAction\",\"target\":[\"https:\/\/orthodonticmask.com\/es\/politica-de-privacidad\/\"]}]},{\"@type\":\"BreadcrumbList\",\"@id\":\"https:\/\/orthodonticmask.com\/es\/politica-de-privacidad\/#breadcrumb\",\"itemListElement\":[{\"@type\":\"ListItem\",\"position\":1,\"name\":\"Home\",\"item\":\"https:\/\/orthodonticmask.com\/es\/\"},{\"@type\":\"ListItem\",\"position\":2,\"name\":\"Pol\u00edtica de privacidad\"}]},{\"@type\":\"WebSite\",\"@id\":\"https:\/\/orthodonticmask.com\/es\/#website\",\"url\":\"https:\/\/orthodonticmask.com\/es\/\",\"name\":\"Itao orthodontic mask\",\"description\":\"Delaire and orthodontic masks\",\"publisher\":{\"@id\":\"https:\/\/orthodonticmask.com\/es\/#organization\"},\"potentialAction\":[{\"@type\":\"SearchAction\",\"target\":{\"@type\":\"EntryPoint\",\"urlTemplate\":\"https:\/\/orthodonticmask.com\/es\/?s={search_term_string}\"},\"query-input\":\"required name=search_term_string\"}],\"inLanguage\":\"es\"},{\"@type\":\"Organization\",\"@id\":\"https:\/\/orthodonticmask.com\/es\/#organization\",\"name\":\"ITA.O Italian Orthodontic System S.r.l.\",\"url\":\"https:\/\/orthodonticmask.com\/es\/\",\"logo\":{\"@type\":\"ImageObject\",\"inLanguage\":\"es\",\"@id\":\"https:\/\/orthodonticmask.com\/es\/#\/schema\/logo\/image\/\",\"url\":\"https:\/\/orthodonticmask.com\/wp-content\/uploads\/2024\/03\/cropped-ItaoIcon-min.png\",\"contentUrl\":\"https:\/\/orthodonticmask.com\/wp-content\/uploads\/2024\/03\/cropped-ItaoIcon-min.png\",\"width\":512,\"height\":512,\"caption\":\"ITA.O Italian Orthodontic System S.r.l.\"},\"image\":{\"@id\":\"https:\/\/orthodonticmask.com\/es\/#\/schema\/logo\/image\/\"}}]}<\/script>\n<!-- \/ Yoast SEO plugin. -->","yoast_head_json":{"title":"Pol\u00edtica de privacidad | Itao orthodontic mask","robots":{"index":"index","follow":"follow","max-snippet":"max-snippet:-1","max-image-preview":"max-image-preview:large","max-video-preview":"max-video-preview:-1"},"canonical":"https:\/\/orthodonticmask.com\/es\/politica-de-privacidad\/","og_locale":"es_ES","og_type":"article","og_title":"Pol\u00edtica de privacidad | Itao orthodontic mask","og_description":"Privacidad informativa La presente informativa, resa ai sensi dell'art. 13 del Reglamento UE 2016\/679, da ITA.O Italian Orthodontic System S.r.l. in qualit\u00e0 di titolare del trattamento dei dati, ha lo scopo di descrivere le modalit\u00e0 di gestione del sito Internet https:\/\/www.itaonet.com en relaci\u00f3n con el tratamiento de los datos personales de los usuarios que consultan. [&hellip;]","og_url":"https:\/\/orthodonticmask.com\/es\/politica-de-privacidad\/","og_site_name":"Itao orthodontic mask","article_modified_time":"2024-04-18T09:36:40+00:00","og_image":[{"width":1015,"height":767,"url":"https:\/\/orthodonticmask.com\/wp-content\/uploads\/2024\/03\/mascherablu.jpg","type":"image\/jpeg"}],"twitter_card":"summary_large_image","twitter_misc":{"Tiempo de lectura":"6 minutos"},"schema":{"@context":"https:\/\/schema.org","@graph":[{"@type":"WebPage","@id":"https:\/\/orthodonticmask.com\/es\/politica-de-privacidad\/","url":"https:\/\/orthodonticmask.com\/es\/politica-de-privacidad\/","name":"Pol\u00edtica de privacidad | Itao orthodontic mask","isPartOf":{"@id":"https:\/\/orthodonticmask.com\/es\/#website"},"datePublished":"2024-03-07T09:38:24+00:00","dateModified":"2024-04-18T09:36:40+00:00","breadcrumb":{"@id":"https:\/\/orthodonticmask.com\/es\/politica-de-privacidad\/#breadcrumb"},"inLanguage":"es","potentialAction":[{"@type":"ReadAction","target":["https:\/\/orthodonticmask.com\/es\/politica-de-privacidad\/"]}]},{"@type":"BreadcrumbList","@id":"https:\/\/orthodonticmask.com\/es\/politica-de-privacidad\/#breadcrumb","itemListElement":[{"@type":"ListItem","position":1,"name":"Home","item":"https:\/\/orthodonticmask.com\/es\/"},{"@type":"ListItem","position":2,"name":"Pol\u00edtica de privacidad"}]},{"@type":"WebSite","@id":"https:\/\/orthodonticmask.com\/es\/#website","url":"https:\/\/orthodonticmask.com\/es\/","name":"Itao orthodontic mask","description":"Delaire and orthodontic masks","publisher":{"@id":"https:\/\/orthodonticmask.com\/es\/#organization"},"potentialAction":[{"@type":"SearchAction","target":{"@type":"EntryPoint","urlTemplate":"https:\/\/orthodonticmask.com\/es\/?s={search_term_string}"},"query-input":"required name=search_term_string"}],"inLanguage":"es"},{"@type":"Organization","@id":"https:\/\/orthodonticmask.com\/es\/#organization","name":"ITA.O Italian Orthodontic System S.r.l.","url":"https:\/\/orthodonticmask.com\/es\/","logo":{"@type":"ImageObject","inLanguage":"es","@id":"https:\/\/orthodonticmask.com\/es\/#\/schema\/logo\/image\/","url":"https:\/\/orthodonticmask.com\/wp-content\/uploads\/2024\/03\/cropped-ItaoIcon-min.png","contentUrl":"https:\/\/orthodonticmask.com\/wp-content\/uploads\/2024\/03\/cropped-ItaoIcon-min.png","width":512,"height":512,"caption":"ITA.O Italian Orthodontic System S.r.l."},"image":{"@id":"https:\/\/orthodonticmask.com\/es\/#\/schema\/logo\/image\/"}}]}},"_links":{"self":[{"href":"https:\/\/orthodonticmask.com\/es\/wp-json\/wp\/v2\/pages\/643"}],"collection":[{"href":"https:\/\/orthodonticmask.com\/es\/wp-json\/wp\/v2\/pages"}],"about":[{"href":"https:\/\/orthodonticmask.com\/es\/wp-json\/wp\/v2\/types\/page"}],"author":[{"embeddable":true,"href":"https:\/\/orthodonticmask.com\/es\/wp-json\/wp\/v2\/users\/1"}],"replies":[{"embeddable":true,"href":"https:\/\/orthodonticmask.com\/es\/wp-json\/wp\/v2\/comments?post=643"}],"version-history":[{"count":2,"href":"https:\/\/orthodonticmask.com\/es\/wp-json\/wp\/v2\/pages\/643\/revisions"}],"predecessor-version":[{"id":645,"href":"https:\/\/orthodonticmask.com\/es\/wp-json\/wp\/v2\/pages\/643\/revisions\/645"}],"wp:attachment":[{"href":"https:\/\/orthodonticmask.com\/es\/wp-json\/wp\/v2\/media?parent=643"}],"curies":[{"name":"wp","href":"https:\/\/api.w.org\/{rel}","templated":true}]}}