{"id":485,"date":"2024-03-25T10:13:56","date_gmt":"2024-03-25T10:13:56","guid":{"rendered":"https:\/\/orthodonticmask.com\/product\/kieferorthopaedische-gesichtsmaske-modell-delaire-mini\/"},"modified":"2024-04-12T13:25:05","modified_gmt":"2024-04-12T13:25:05","slug":"kieferorthopaedische-gesichtsmaske-modell-delaire-mini","status":"publish","type":"product","link":"https:\/\/orthodonticmask.com\/de\/produkt\/kieferorthopaedische-gesichtsmaske-modell-delaire-mini\/","title":{"rendered":"Kieferorthop\u00e4dische Gesichtsmaske Modell &#8222;Delaire&#8220;, Mini"},"content":{"rendered":"<h4>Beschreibung:<\/h4>\n<p>Vollst\u00e4ndig einstellbare kieferorthop\u00e4dische Gesichtsmaske mit mitgeliefertem Sechskantschl\u00fcssel. Wird als Ausstattungsoption f\u00fcr Klasse-III-Fehlstellungen verwendet. Die elastische Ausdauer wird durch eine spezielle Vorrichtung reguliert, die die beste Verankerung gew\u00e4hrleistet.<br \/>\nDas Verankerungsraster ist in vertikaler Richtung verstellbar. Er ist leicht und mit einem sehr komfortablen Front-\/Kinnbezug ausgestattet und in f\u00fcnf Farben erh\u00e4ltlich. Ma\u00dfe: max. Breite 13 cm \/ min. Breite 8 cm \/ H\u00f6he: 17 cm<\/p>\n<p><img loading=\"lazy\" decoding=\"async\" class=\"alignleft size-full wp-image-40\" src=\"https:\/\/orthodonticmask.com\/wp-content\/uploads\/2024\/03\/italianflagicon.png\" alt=\"Symbol der italienischen Flagge\" width=\"50\" height=\"50\"><\/p>\n<p>Hergestellt in Italien<\/p>\n<p>&nbsp;<\/p>\n<h4>Farben:<\/h4>\n<p>blau<br \/>\nwei\u00df<br \/>\ngelb<br \/>\nrot<br \/>\ngr\u00fcn<\/p>\n<h4>Enth\u00e4lt:<\/h4>\n<p>1 Maske<br \/>\n1 Sechskantschl\u00fcssel<\/p>\n<h4>Anweisungen:<\/h4>\n<p><a href=\"https:\/\/orthodonticmask.com\/wp-content\/uploads\/2024\/03\/MASK_IFU.pdf\">IFU  &gt;&gt;<\/a><\/p>\n","protected":false},"excerpt":{"rendered":"<p>Vollst\u00e4ndig einstellbare kieferorthop\u00e4dische Gesichtsmaske mit mitgeliefertem Sechskantschl\u00fcssel.<br \/>\n<strong>MEDIZINPRODUKT CE<\/strong><\/p>\n","protected":false},"featured_media":390,"template":"","meta":{"_et_pb_use_builder":"","_et_pb_old_content":"","_et_gb_content_width":""},"product_cat":[34],"product_tag":[],"yoast_head":"<!-- This site is optimized with the Yoast SEO plugin v22.5 - https:\/\/yoast.com\/wordpress\/plugins\/seo\/ -->\n<title>Kieferorthop\u00e4dische Gesichtsmaske Modell &quot;Delaire&quot;, Mini | Itao orthodontic mask<\/title>\n<meta name=\"robots\" content=\"index, follow, max-snippet:-1, max-image-preview:large, max-video-preview:-1\" \/>\n<link rel=\"canonical\" href=\"https:\/\/orthodonticmask.com\/de\/produkt\/kieferorthopaedische-gesichtsmaske-modell-delaire-mini\/\" \/>\n<meta property=\"og:locale\" content=\"de_DE\" \/>\n<meta property=\"og:type\" content=\"article\" \/>\n<meta property=\"og:title\" content=\"Kieferorthop\u00e4dische Gesichtsmaske Modell &quot;Delaire&quot;, Mini | Itao orthodontic mask\" \/>\n<meta property=\"og:description\" content=\"Vollst\u00e4ndig einstellbare kieferorthop\u00e4dische Gesichtsmaske mit mitgeliefertem Sechskantschl\u00fcssel. MEDIZINPRODUKT CE\" \/>\n<meta property=\"og:url\" content=\"https:\/\/orthodonticmask.com\/de\/produkt\/kieferorthopaedische-gesichtsmaske-modell-delaire-mini\/\" \/>\n<meta property=\"og:site_name\" content=\"Itao orthodontic mask\" \/>\n<meta property=\"article:modified_time\" content=\"2024-04-12T13:25:05+00:00\" \/>\n<meta property=\"og:image\" content=\"https:\/\/orthodonticmask.com\/wp-content\/uploads\/2024\/03\/Delaire-mask-mini-blue.jpg\" \/>\n\t<meta property=\"og:image:width\" content=\"1000\" \/>\n\t<meta property=\"og:image:height\" content=\"1271\" \/>\n\t<meta property=\"og:image:type\" content=\"image\/jpeg\" \/>\n<meta name=\"twitter:card\" content=\"summary_large_image\" \/>\n<script type=\"application\/ld+json\" class=\"yoast-schema-graph\">{\"@context\":\"https:\/\/schema.org\",\"@graph\":[{\"@type\":\"WebPage\",\"@id\":\"https:\/\/orthodonticmask.com\/de\/produkt\/kieferorthopaedische-gesichtsmaske-modell-delaire-mini\/\",\"url\":\"https:\/\/orthodonticmask.com\/de\/produkt\/kieferorthopaedische-gesichtsmaske-modell-delaire-mini\/\",\"name\":\"Kieferorthop\u00e4dische Gesichtsmaske Modell \\\"Delaire\\\", Mini | Itao orthodontic mask\",\"isPartOf\":{\"@id\":\"https:\/\/orthodonticmask.com\/de\/#website\"},\"primaryImageOfPage\":{\"@id\":\"https:\/\/orthodonticmask.com\/de\/produkt\/kieferorthopaedische-gesichtsmaske-modell-delaire-mini\/#primaryimage\"},\"image\":{\"@id\":\"https:\/\/orthodonticmask.com\/de\/produkt\/kieferorthopaedische-gesichtsmaske-modell-delaire-mini\/#primaryimage\"},\"thumbnailUrl\":\"https:\/\/orthodonticmask.com\/wp-content\/uploads\/2024\/03\/Delaire-mask-mini-blue.jpg\",\"datePublished\":\"2024-03-25T10:13:56+00:00\",\"dateModified\":\"2024-04-12T13:25:05+00:00\",\"breadcrumb\":{\"@id\":\"https:\/\/orthodonticmask.com\/de\/produkt\/kieferorthopaedische-gesichtsmaske-modell-delaire-mini\/#breadcrumb\"},\"inLanguage\":\"de\",\"potentialAction\":[{\"@type\":\"ReadAction\",\"target\":[\"https:\/\/orthodonticmask.com\/de\/produkt\/kieferorthopaedische-gesichtsmaske-modell-delaire-mini\/\"]}]},{\"@type\":\"ImageObject\",\"inLanguage\":\"de\",\"@id\":\"https:\/\/orthodonticmask.com\/de\/produkt\/kieferorthopaedische-gesichtsmaske-modell-delaire-mini\/#primaryimage\",\"url\":\"https:\/\/orthodonticmask.com\/wp-content\/uploads\/2024\/03\/Delaire-mask-mini-blue.jpg\",\"contentUrl\":\"https:\/\/orthodonticmask.com\/wp-content\/uploads\/2024\/03\/Delaire-mask-mini-blue.jpg\",\"width\":1000,\"height\":1271},{\"@type\":\"BreadcrumbList\",\"@id\":\"https:\/\/orthodonticmask.com\/de\/produkt\/kieferorthopaedische-gesichtsmaske-modell-delaire-mini\/#breadcrumb\",\"itemListElement\":[{\"@type\":\"ListItem\",\"position\":1,\"name\":\"Home\",\"item\":\"https:\/\/orthodonticmask.com\/de\/\"},{\"@type\":\"ListItem\",\"position\":2,\"name\":\"Kieferorthop\u00e4dische Masken\",\"item\":\"https:\/\/orthodonticmask.com\/de\/kieferorthopaedische-masken\/\"},{\"@type\":\"ListItem\",\"position\":3,\"name\":\"Kieferorthop\u00e4dische Gesichtsmaske Modell &#8220;Delaire&#8221;, Mini\"}]},{\"@type\":\"WebSite\",\"@id\":\"https:\/\/orthodonticmask.com\/de\/#website\",\"url\":\"https:\/\/orthodonticmask.com\/de\/\",\"name\":\"Itao orthodontic mask\",\"description\":\"Delaire and orthodontic masks\",\"publisher\":{\"@id\":\"https:\/\/orthodonticmask.com\/de\/#organization\"},\"potentialAction\":[{\"@type\":\"SearchAction\",\"target\":{\"@type\":\"EntryPoint\",\"urlTemplate\":\"https:\/\/orthodonticmask.com\/de\/?s={search_term_string}\"},\"query-input\":\"required name=search_term_string\"}],\"inLanguage\":\"de\"},{\"@type\":\"Organization\",\"@id\":\"https:\/\/orthodonticmask.com\/de\/#organization\",\"name\":\"ITA.O Italian Orthodontic System S.r.l.\",\"url\":\"https:\/\/orthodonticmask.com\/de\/\",\"logo\":{\"@type\":\"ImageObject\",\"inLanguage\":\"de\",\"@id\":\"https:\/\/orthodonticmask.com\/de\/#\/schema\/logo\/image\/\",\"url\":\"https:\/\/orthodonticmask.com\/wp-content\/uploads\/2024\/03\/cropped-ItaoIcon-min.png\",\"contentUrl\":\"https:\/\/orthodonticmask.com\/wp-content\/uploads\/2024\/03\/cropped-ItaoIcon-min.png\",\"width\":512,\"height\":512,\"caption\":\"ITA.O Italian Orthodontic System S.r.l.\"},\"image\":{\"@id\":\"https:\/\/orthodonticmask.com\/de\/#\/schema\/logo\/image\/\"}}]}<\/script>\n<!-- \/ Yoast SEO plugin. -->","yoast_head_json":{"title":"Kieferorthop\u00e4dische Gesichtsmaske Modell \"Delaire\", Mini | Itao orthodontic mask","robots":{"index":"index","follow":"follow","max-snippet":"max-snippet:-1","max-image-preview":"max-image-preview:large","max-video-preview":"max-video-preview:-1"},"canonical":"https:\/\/orthodonticmask.com\/de\/produkt\/kieferorthopaedische-gesichtsmaske-modell-delaire-mini\/","og_locale":"de_DE","og_type":"article","og_title":"Kieferorthop\u00e4dische Gesichtsmaske Modell \"Delaire\", Mini | Itao orthodontic mask","og_description":"Vollst\u00e4ndig einstellbare kieferorthop\u00e4dische Gesichtsmaske mit mitgeliefertem Sechskantschl\u00fcssel. MEDIZINPRODUKT CE","og_url":"https:\/\/orthodonticmask.com\/de\/produkt\/kieferorthopaedische-gesichtsmaske-modell-delaire-mini\/","og_site_name":"Itao orthodontic mask","article_modified_time":"2024-04-12T13:25:05+00:00","og_image":[{"width":1000,"height":1271,"url":"https:\/\/orthodonticmask.com\/wp-content\/uploads\/2024\/03\/Delaire-mask-mini-blue.jpg","type":"image\/jpeg"}],"twitter_card":"summary_large_image","schema":{"@context":"https:\/\/schema.org","@graph":[{"@type":"WebPage","@id":"https:\/\/orthodonticmask.com\/de\/produkt\/kieferorthopaedische-gesichtsmaske-modell-delaire-mini\/","url":"https:\/\/orthodonticmask.com\/de\/produkt\/kieferorthopaedische-gesichtsmaske-modell-delaire-mini\/","name":"Kieferorthop\u00e4dische Gesichtsmaske Modell \"Delaire\", Mini | Itao orthodontic mask","isPartOf":{"@id":"https:\/\/orthodonticmask.com\/de\/#website"},"primaryImageOfPage":{"@id":"https:\/\/orthodonticmask.com\/de\/produkt\/kieferorthopaedische-gesichtsmaske-modell-delaire-mini\/#primaryimage"},"image":{"@id":"https:\/\/orthodonticmask.com\/de\/produkt\/kieferorthopaedische-gesichtsmaske-modell-delaire-mini\/#primaryimage"},"thumbnailUrl":"https:\/\/orthodonticmask.com\/wp-content\/uploads\/2024\/03\/Delaire-mask-mini-blue.jpg","datePublished":"2024-03-25T10:13:56+00:00","dateModified":"2024-04-12T13:25:05+00:00","breadcrumb":{"@id":"https:\/\/orthodonticmask.com\/de\/produkt\/kieferorthopaedische-gesichtsmaske-modell-delaire-mini\/#breadcrumb"},"inLanguage":"de","potentialAction":[{"@type":"ReadAction","target":["https:\/\/orthodonticmask.com\/de\/produkt\/kieferorthopaedische-gesichtsmaske-modell-delaire-mini\/"]}]},{"@type":"ImageObject","inLanguage":"de","@id":"https:\/\/orthodonticmask.com\/de\/produkt\/kieferorthopaedische-gesichtsmaske-modell-delaire-mini\/#primaryimage","url":"https:\/\/orthodonticmask.com\/wp-content\/uploads\/2024\/03\/Delaire-mask-mini-blue.jpg","contentUrl":"https:\/\/orthodonticmask.com\/wp-content\/uploads\/2024\/03\/Delaire-mask-mini-blue.jpg","width":1000,"height":1271},{"@type":"BreadcrumbList","@id":"https:\/\/orthodonticmask.com\/de\/produkt\/kieferorthopaedische-gesichtsmaske-modell-delaire-mini\/#breadcrumb","itemListElement":[{"@type":"ListItem","position":1,"name":"Home","item":"https:\/\/orthodonticmask.com\/de\/"},{"@type":"ListItem","position":2,"name":"Kieferorthop\u00e4dische Masken","item":"https:\/\/orthodonticmask.com\/de\/kieferorthopaedische-masken\/"},{"@type":"ListItem","position":3,"name":"Kieferorthop\u00e4dische Gesichtsmaske Modell &#8220;Delaire&#8221;, Mini"}]},{"@type":"WebSite","@id":"https:\/\/orthodonticmask.com\/de\/#website","url":"https:\/\/orthodonticmask.com\/de\/","name":"Itao orthodontic mask","description":"Delaire and orthodontic masks","publisher":{"@id":"https:\/\/orthodonticmask.com\/de\/#organization"},"potentialAction":[{"@type":"SearchAction","target":{"@type":"EntryPoint","urlTemplate":"https:\/\/orthodonticmask.com\/de\/?s={search_term_string}"},"query-input":"required name=search_term_string"}],"inLanguage":"de"},{"@type":"Organization","@id":"https:\/\/orthodonticmask.com\/de\/#organization","name":"ITA.O Italian Orthodontic System S.r.l.","url":"https:\/\/orthodonticmask.com\/de\/","logo":{"@type":"ImageObject","inLanguage":"de","@id":"https:\/\/orthodonticmask.com\/de\/#\/schema\/logo\/image\/","url":"https:\/\/orthodonticmask.com\/wp-content\/uploads\/2024\/03\/cropped-ItaoIcon-min.png","contentUrl":"https:\/\/orthodonticmask.com\/wp-content\/uploads\/2024\/03\/cropped-ItaoIcon-min.png","width":512,"height":512,"caption":"ITA.O Italian Orthodontic System S.r.l."},"image":{"@id":"https:\/\/orthodonticmask.com\/de\/#\/schema\/logo\/image\/"}}]}},"_links":{"self":[{"href":"https:\/\/orthodonticmask.com\/de\/wp-json\/wp\/v2\/product\/485"}],"collection":[{"href":"https:\/\/orthodonticmask.com\/de\/wp-json\/wp\/v2\/product"}],"about":[{"href":"https:\/\/orthodonticmask.com\/de\/wp-json\/wp\/v2\/types\/product"}],"wp:featuredmedia":[{"embeddable":true,"href":"https:\/\/orthodonticmask.com\/de\/wp-json\/wp\/v2\/media\/390"}],"wp:attachment":[{"href":"https:\/\/orthodonticmask.com\/de\/wp-json\/wp\/v2\/media?parent=485"}],"wp:term":[{"taxonomy":"product_cat","embeddable":true,"href":"https:\/\/orthodonticmask.com\/de\/wp-json\/wp\/v2\/product_cat?post=485"},{"taxonomy":"product_tag","embeddable":true,"href":"https:\/\/orthodonticmask.com\/de\/wp-json\/wp\/v2\/product_tag?post=485"}],"curies":[{"name":"wp","href":"https:\/\/api.w.org\/{rel}","templated":true}]}}