{"id":483,"date":"2024-03-25T16:10:04","date_gmt":"2024-03-25T16:10:04","guid":{"rendered":"https:\/\/orthodonticmask.com\/product\/kieferorthopaedische-gesichtsmaske-mit-belueftungsoeffnungen-fuer-die-protraktion\/"},"modified":"2024-04-12T13:25:07","modified_gmt":"2024-04-12T13:25:07","slug":"kieferorthopaedische-gesichtsmaske-mit-belueftungsoeffnungen-fuer-die-protraktion","status":"publish","type":"product","link":"https:\/\/orthodonticmask.com\/de\/produkt\/kieferorthopaedische-gesichtsmaske-mit-belueftungsoeffnungen-fuer-die-protraktion\/","title":{"rendered":"Kieferorthop\u00e4dische Gesichtsmaske mit Bel\u00fcftungs\u00f6ffnungen f\u00fcr die Protraktion"},"content":{"rendered":"<p>Die Anpassungsf\u00e4higkeit dieser Protraktions-Gesichtsmaske erm\u00f6glicht eine gerichtete Kraftanwendung durch Einstellen des Gummizuges, um die Protraktionskraft in der gew\u00fcnschten Ebene zu erzeugen.<br \/>\nVollst\u00e4ndig einstellbare Stirn- und Kinnst\u00fctzen erm\u00f6glichen die Anpassung an die anatomischen Gegebenheiten der meisten Patienten. Der Zugwinkel wird dann durch Einstellen der Gummizugstange bestimmt, um je nach Bedarf horizontale, aufw\u00e4rts oder abw\u00e4rts gerichtete Kr\u00e4fte zu erzeugen.<br \/>\nMa\u00dfe: maximale Breite: 10 cm \/ minimale Breite: 6,5 cm \/ H\u00f6he: 22 cm<br \/>\nInklusive Inbusschl\u00fcssel und 3 Satz Pads.<\/p>\n<h4>Farben:<\/h4>\n<p>Wei\u00df\/Elfenbein<\/p>\n<h4>Das Paket enth\u00e4lt:<\/h4>\n<p>1 Maske<br \/>\n1 Paar Ersatzpolsterung<br \/>\n1 Einstellschl\u00fcssel<\/p>\n","protected":false},"excerpt":{"rendered":"<p>Einstellbare kieferorthop\u00e4dische Gesichtsmaske<\/p>\n","protected":false},"featured_media":805,"template":"","meta":{"_et_pb_use_builder":"","_et_pb_old_content":"","_et_gb_content_width":""},"product_cat":[33],"product_tag":[],"yoast_head":"<!-- This site is optimized with the Yoast SEO plugin v22.5 - https:\/\/yoast.com\/wordpress\/plugins\/seo\/ -->\n<title>Kieferorthop\u00e4dische Gesichtsmaske mit Bel\u00fcftungs\u00f6ffnungen f\u00fcr die Protraktion | Itao orthodontic mask<\/title>\n<meta name=\"robots\" content=\"index, follow, max-snippet:-1, max-image-preview:large, max-video-preview:-1\" \/>\n<link rel=\"canonical\" href=\"https:\/\/orthodonticmask.com\/de\/produkt\/kieferorthopaedische-gesichtsmaske-mit-belueftungsoeffnungen-fuer-die-protraktion\/\" \/>\n<meta property=\"og:locale\" content=\"de_DE\" \/>\n<meta property=\"og:type\" content=\"article\" \/>\n<meta property=\"og:title\" content=\"Kieferorthop\u00e4dische Gesichtsmaske mit Bel\u00fcftungs\u00f6ffnungen f\u00fcr die Protraktion | Itao orthodontic mask\" \/>\n<meta property=\"og:description\" content=\"Einstellbare kieferorthop\u00e4dische Gesichtsmaske\" \/>\n<meta property=\"og:url\" content=\"https:\/\/orthodonticmask.com\/de\/produkt\/kieferorthopaedische-gesichtsmaske-mit-belueftungsoeffnungen-fuer-die-protraktion\/\" \/>\n<meta property=\"og:site_name\" content=\"Itao orthodontic mask\" \/>\n<meta property=\"article:modified_time\" content=\"2024-04-12T13:25:07+00:00\" \/>\n<meta property=\"og:image\" content=\"https:\/\/orthodonticmask.com\/wp-content\/uploads\/2024\/03\/petit_gh.jpg\" \/>\n\t<meta property=\"og:image:width\" content=\"692\" \/>\n\t<meta property=\"og:image:height\" content=\"1074\" \/>\n\t<meta property=\"og:image:type\" content=\"image\/jpeg\" \/>\n<meta name=\"twitter:card\" content=\"summary_large_image\" \/>\n<script type=\"application\/ld+json\" class=\"yoast-schema-graph\">{\"@context\":\"https:\/\/schema.org\",\"@graph\":[{\"@type\":\"WebPage\",\"@id\":\"https:\/\/orthodonticmask.com\/de\/produkt\/kieferorthopaedische-gesichtsmaske-mit-belueftungsoeffnungen-fuer-die-protraktion\/\",\"url\":\"https:\/\/orthodonticmask.com\/de\/produkt\/kieferorthopaedische-gesichtsmaske-mit-belueftungsoeffnungen-fuer-die-protraktion\/\",\"name\":\"Kieferorthop\u00e4dische Gesichtsmaske mit Bel\u00fcftungs\u00f6ffnungen f\u00fcr die Protraktion | Itao orthodontic mask\",\"isPartOf\":{\"@id\":\"https:\/\/orthodonticmask.com\/de\/#website\"},\"primaryImageOfPage\":{\"@id\":\"https:\/\/orthodonticmask.com\/de\/produkt\/kieferorthopaedische-gesichtsmaske-mit-belueftungsoeffnungen-fuer-die-protraktion\/#primaryimage\"},\"image\":{\"@id\":\"https:\/\/orthodonticmask.com\/de\/produkt\/kieferorthopaedische-gesichtsmaske-mit-belueftungsoeffnungen-fuer-die-protraktion\/#primaryimage\"},\"thumbnailUrl\":\"https:\/\/orthodonticmask.com\/wp-content\/uploads\/2024\/03\/petit_gh.jpg\",\"datePublished\":\"2024-03-25T16:10:04+00:00\",\"dateModified\":\"2024-04-12T13:25:07+00:00\",\"breadcrumb\":{\"@id\":\"https:\/\/orthodonticmask.com\/de\/produkt\/kieferorthopaedische-gesichtsmaske-mit-belueftungsoeffnungen-fuer-die-protraktion\/#breadcrumb\"},\"inLanguage\":\"de\",\"potentialAction\":[{\"@type\":\"ReadAction\",\"target\":[\"https:\/\/orthodonticmask.com\/de\/produkt\/kieferorthopaedische-gesichtsmaske-mit-belueftungsoeffnungen-fuer-die-protraktion\/\"]}]},{\"@type\":\"ImageObject\",\"inLanguage\":\"de\",\"@id\":\"https:\/\/orthodonticmask.com\/de\/produkt\/kieferorthopaedische-gesichtsmaske-mit-belueftungsoeffnungen-fuer-die-protraktion\/#primaryimage\",\"url\":\"https:\/\/orthodonticmask.com\/wp-content\/uploads\/2024\/03\/petit_gh.jpg\",\"contentUrl\":\"https:\/\/orthodonticmask.com\/wp-content\/uploads\/2024\/03\/petit_gh.jpg\",\"width\":692,\"height\":1074,\"caption\":\"petit dynamic\"},{\"@type\":\"BreadcrumbList\",\"@id\":\"https:\/\/orthodonticmask.com\/de\/produkt\/kieferorthopaedische-gesichtsmaske-mit-belueftungsoeffnungen-fuer-die-protraktion\/#breadcrumb\",\"itemListElement\":[{\"@type\":\"ListItem\",\"position\":1,\"name\":\"Home\",\"item\":\"https:\/\/orthodonticmask.com\/de\/\"},{\"@type\":\"ListItem\",\"position\":2,\"name\":\"Kieferorthop\u00e4dische Masken\",\"item\":\"https:\/\/orthodonticmask.com\/de\/kieferorthopaedische-masken\/\"},{\"@type\":\"ListItem\",\"position\":3,\"name\":\"Kieferorthop\u00e4dische Gesichtsmaske mit Bel\u00fcftungs\u00f6ffnungen f\u00fcr die Protraktion\"}]},{\"@type\":\"WebSite\",\"@id\":\"https:\/\/orthodonticmask.com\/de\/#website\",\"url\":\"https:\/\/orthodonticmask.com\/de\/\",\"name\":\"Itao orthodontic mask\",\"description\":\"Delaire and orthodontic masks\",\"publisher\":{\"@id\":\"https:\/\/orthodonticmask.com\/de\/#organization\"},\"potentialAction\":[{\"@type\":\"SearchAction\",\"target\":{\"@type\":\"EntryPoint\",\"urlTemplate\":\"https:\/\/orthodonticmask.com\/de\/?s={search_term_string}\"},\"query-input\":\"required name=search_term_string\"}],\"inLanguage\":\"de\"},{\"@type\":\"Organization\",\"@id\":\"https:\/\/orthodonticmask.com\/de\/#organization\",\"name\":\"ITA.O Italian Orthodontic System S.r.l.\",\"url\":\"https:\/\/orthodonticmask.com\/de\/\",\"logo\":{\"@type\":\"ImageObject\",\"inLanguage\":\"de\",\"@id\":\"https:\/\/orthodonticmask.com\/de\/#\/schema\/logo\/image\/\",\"url\":\"https:\/\/orthodonticmask.com\/wp-content\/uploads\/2024\/03\/cropped-ItaoIcon-min.png\",\"contentUrl\":\"https:\/\/orthodonticmask.com\/wp-content\/uploads\/2024\/03\/cropped-ItaoIcon-min.png\",\"width\":512,\"height\":512,\"caption\":\"ITA.O Italian Orthodontic System S.r.l.\"},\"image\":{\"@id\":\"https:\/\/orthodonticmask.com\/de\/#\/schema\/logo\/image\/\"}}]}<\/script>\n<!-- \/ Yoast SEO plugin. -->","yoast_head_json":{"title":"Kieferorthop\u00e4dische Gesichtsmaske mit Bel\u00fcftungs\u00f6ffnungen f\u00fcr die Protraktion | Itao orthodontic mask","robots":{"index":"index","follow":"follow","max-snippet":"max-snippet:-1","max-image-preview":"max-image-preview:large","max-video-preview":"max-video-preview:-1"},"canonical":"https:\/\/orthodonticmask.com\/de\/produkt\/kieferorthopaedische-gesichtsmaske-mit-belueftungsoeffnungen-fuer-die-protraktion\/","og_locale":"de_DE","og_type":"article","og_title":"Kieferorthop\u00e4dische Gesichtsmaske mit Bel\u00fcftungs\u00f6ffnungen f\u00fcr die Protraktion | Itao orthodontic mask","og_description":"Einstellbare kieferorthop\u00e4dische Gesichtsmaske","og_url":"https:\/\/orthodonticmask.com\/de\/produkt\/kieferorthopaedische-gesichtsmaske-mit-belueftungsoeffnungen-fuer-die-protraktion\/","og_site_name":"Itao orthodontic mask","article_modified_time":"2024-04-12T13:25:07+00:00","og_image":[{"width":692,"height":1074,"url":"https:\/\/orthodonticmask.com\/wp-content\/uploads\/2024\/03\/petit_gh.jpg","type":"image\/jpeg"}],"twitter_card":"summary_large_image","schema":{"@context":"https:\/\/schema.org","@graph":[{"@type":"WebPage","@id":"https:\/\/orthodonticmask.com\/de\/produkt\/kieferorthopaedische-gesichtsmaske-mit-belueftungsoeffnungen-fuer-die-protraktion\/","url":"https:\/\/orthodonticmask.com\/de\/produkt\/kieferorthopaedische-gesichtsmaske-mit-belueftungsoeffnungen-fuer-die-protraktion\/","name":"Kieferorthop\u00e4dische Gesichtsmaske mit Bel\u00fcftungs\u00f6ffnungen f\u00fcr die Protraktion | Itao orthodontic mask","isPartOf":{"@id":"https:\/\/orthodonticmask.com\/de\/#website"},"primaryImageOfPage":{"@id":"https:\/\/orthodonticmask.com\/de\/produkt\/kieferorthopaedische-gesichtsmaske-mit-belueftungsoeffnungen-fuer-die-protraktion\/#primaryimage"},"image":{"@id":"https:\/\/orthodonticmask.com\/de\/produkt\/kieferorthopaedische-gesichtsmaske-mit-belueftungsoeffnungen-fuer-die-protraktion\/#primaryimage"},"thumbnailUrl":"https:\/\/orthodonticmask.com\/wp-content\/uploads\/2024\/03\/petit_gh.jpg","datePublished":"2024-03-25T16:10:04+00:00","dateModified":"2024-04-12T13:25:07+00:00","breadcrumb":{"@id":"https:\/\/orthodonticmask.com\/de\/produkt\/kieferorthopaedische-gesichtsmaske-mit-belueftungsoeffnungen-fuer-die-protraktion\/#breadcrumb"},"inLanguage":"de","potentialAction":[{"@type":"ReadAction","target":["https:\/\/orthodonticmask.com\/de\/produkt\/kieferorthopaedische-gesichtsmaske-mit-belueftungsoeffnungen-fuer-die-protraktion\/"]}]},{"@type":"ImageObject","inLanguage":"de","@id":"https:\/\/orthodonticmask.com\/de\/produkt\/kieferorthopaedische-gesichtsmaske-mit-belueftungsoeffnungen-fuer-die-protraktion\/#primaryimage","url":"https:\/\/orthodonticmask.com\/wp-content\/uploads\/2024\/03\/petit_gh.jpg","contentUrl":"https:\/\/orthodonticmask.com\/wp-content\/uploads\/2024\/03\/petit_gh.jpg","width":692,"height":1074,"caption":"petit dynamic"},{"@type":"BreadcrumbList","@id":"https:\/\/orthodonticmask.com\/de\/produkt\/kieferorthopaedische-gesichtsmaske-mit-belueftungsoeffnungen-fuer-die-protraktion\/#breadcrumb","itemListElement":[{"@type":"ListItem","position":1,"name":"Home","item":"https:\/\/orthodonticmask.com\/de\/"},{"@type":"ListItem","position":2,"name":"Kieferorthop\u00e4dische Masken","item":"https:\/\/orthodonticmask.com\/de\/kieferorthopaedische-masken\/"},{"@type":"ListItem","position":3,"name":"Kieferorthop\u00e4dische Gesichtsmaske mit Bel\u00fcftungs\u00f6ffnungen f\u00fcr die Protraktion"}]},{"@type":"WebSite","@id":"https:\/\/orthodonticmask.com\/de\/#website","url":"https:\/\/orthodonticmask.com\/de\/","name":"Itao orthodontic mask","description":"Delaire and orthodontic masks","publisher":{"@id":"https:\/\/orthodonticmask.com\/de\/#organization"},"potentialAction":[{"@type":"SearchAction","target":{"@type":"EntryPoint","urlTemplate":"https:\/\/orthodonticmask.com\/de\/?s={search_term_string}"},"query-input":"required name=search_term_string"}],"inLanguage":"de"},{"@type":"Organization","@id":"https:\/\/orthodonticmask.com\/de\/#organization","name":"ITA.O Italian Orthodontic System S.r.l.","url":"https:\/\/orthodonticmask.com\/de\/","logo":{"@type":"ImageObject","inLanguage":"de","@id":"https:\/\/orthodonticmask.com\/de\/#\/schema\/logo\/image\/","url":"https:\/\/orthodonticmask.com\/wp-content\/uploads\/2024\/03\/cropped-ItaoIcon-min.png","contentUrl":"https:\/\/orthodonticmask.com\/wp-content\/uploads\/2024\/03\/cropped-ItaoIcon-min.png","width":512,"height":512,"caption":"ITA.O Italian Orthodontic System S.r.l."},"image":{"@id":"https:\/\/orthodonticmask.com\/de\/#\/schema\/logo\/image\/"}}]}},"_links":{"self":[{"href":"https:\/\/orthodonticmask.com\/de\/wp-json\/wp\/v2\/product\/483"}],"collection":[{"href":"https:\/\/orthodonticmask.com\/de\/wp-json\/wp\/v2\/product"}],"about":[{"href":"https:\/\/orthodonticmask.com\/de\/wp-json\/wp\/v2\/types\/product"}],"wp:featuredmedia":[{"embeddable":true,"href":"https:\/\/orthodonticmask.com\/de\/wp-json\/wp\/v2\/media\/805"}],"wp:attachment":[{"href":"https:\/\/orthodonticmask.com\/de\/wp-json\/wp\/v2\/media?parent=483"}],"wp:term":[{"taxonomy":"product_cat","embeddable":true,"href":"https:\/\/orthodonticmask.com\/de\/wp-json\/wp\/v2\/product_cat?post=483"},{"taxonomy":"product_tag","embeddable":true,"href":"https:\/\/orthodonticmask.com\/de\/wp-json\/wp\/v2\/product_tag?post=483"}],"curies":[{"name":"wp","href":"https:\/\/api.w.org\/{rel}","templated":true}]}}