{"id":481,"date":"2024-03-25T15:53:14","date_gmt":"2024-03-25T15:53:14","guid":{"rendered":"https:\/\/orthodonticmask.com\/product\/petit-dynamische-kieferorthopaedische-maske\/"},"modified":"2024-07-03T13:50:10","modified_gmt":"2024-07-03T13:50:10","slug":"petit-dynamische-kieferorthopaedische-maske","status":"publish","type":"product","link":"https:\/\/orthodonticmask.com\/de\/produkt\/petit-dynamische-kieferorthopaedische-maske\/","title":{"rendered":"Petit dynamische kieferorthop\u00e4dische Gesichtsmaske"},"content":{"rendered":"<p>Vollst\u00e4ndig einstellbar mit Inbusschl\u00fcssel (im Lieferumfang enthalten).<br \/>\nDie Gesichtsmasken sind in mehrere Richtungen verstellbar, um den bestm\u00f6glichen Halt zu gew\u00e4hrleisten.<br \/>\nGegliedert, um mit jedem Kinn und jeder Stirn kompatibel zu sein.<br \/>\nMa\u00dfe: maximale Breite: 8,5 cm \/ minimale Breite: 6,5 cm \/ H\u00f6he: 24,5 cm<\/p>\n<h4>Farben:<\/h4>\n<p>Blu<br \/>\nRot<br \/>\nSpinne<br \/>\nBlume<br \/>\nGraffiti<\/p>\n<h4>Das Paket enth\u00e4lt:<\/h4>\n<p>BOX<br \/>\n1 Gesichtsmaske<br \/>\n1 Inbusschl\u00fcssel.<\/p>\n<h4>IFU:<\/h4>\n<p><a href=\"https:\/\/orthodonticmask.com\/wp-content\/uploads\/2024\/03\/IFU_ORTHOCOMFORT.pdf\">Anweisungen f\u00fcr den Gebrauch &gt;&gt;<\/a><\/p>\n","protected":false},"excerpt":{"rendered":"<p>Einstellbare kieferorthop\u00e4dische Gesichtsmaske<\/p>\n","protected":false},"featured_media":809,"template":"","meta":{"_et_pb_use_builder":"","_et_pb_old_content":"","_et_gb_content_width":""},"product_cat":[33],"product_tag":[],"yoast_head":"<!-- This site is optimized with the Yoast SEO plugin v22.5 - https:\/\/yoast.com\/wordpress\/plugins\/seo\/ -->\n<title>Petit dynamische kieferorthop\u00e4dische Gesichtsmaske | Itao orthodontic mask<\/title>\n<meta name=\"robots\" content=\"index, follow, max-snippet:-1, max-image-preview:large, max-video-preview:-1\" \/>\n<link rel=\"canonical\" href=\"https:\/\/orthodonticmask.com\/de\/produkt\/petit-dynamische-kieferorthopaedische-maske\/\" \/>\n<meta property=\"og:locale\" content=\"de_DE\" \/>\n<meta property=\"og:type\" content=\"article\" \/>\n<meta property=\"og:title\" content=\"Petit dynamische kieferorthop\u00e4dische Gesichtsmaske | Itao orthodontic mask\" \/>\n<meta property=\"og:description\" content=\"Einstellbare kieferorthop\u00e4dische Gesichtsmaske\" \/>\n<meta property=\"og:url\" content=\"https:\/\/orthodonticmask.com\/de\/produkt\/petit-dynamische-kieferorthopaedische-maske\/\" \/>\n<meta property=\"og:site_name\" content=\"Itao orthodontic mask\" \/>\n<meta property=\"article:modified_time\" content=\"2024-07-03T13:50:10+00:00\" \/>\n<meta property=\"og:image\" content=\"https:\/\/orthodonticmask.com\/wp-content\/uploads\/2024\/03\/petit_blu.jpg\" \/>\n\t<meta property=\"og:image:width\" content=\"692\" \/>\n\t<meta property=\"og:image:height\" content=\"1074\" \/>\n\t<meta property=\"og:image:type\" content=\"image\/jpeg\" \/>\n<meta name=\"twitter:card\" content=\"summary_large_image\" \/>\n<meta name=\"twitter:label1\" content=\"Gesch\u00e4tzte Lesezeit\" \/>\n\t<meta name=\"twitter:data1\" content=\"1\u00a0Minute\" \/>\n<script type=\"application\/ld+json\" class=\"yoast-schema-graph\">{\"@context\":\"https:\/\/schema.org\",\"@graph\":[{\"@type\":\"WebPage\",\"@id\":\"https:\/\/orthodonticmask.com\/de\/produkt\/petit-dynamische-kieferorthopaedische-maske\/\",\"url\":\"https:\/\/orthodonticmask.com\/de\/produkt\/petit-dynamische-kieferorthopaedische-maske\/\",\"name\":\"Petit dynamische kieferorthop\u00e4dische Gesichtsmaske | Itao orthodontic mask\",\"isPartOf\":{\"@id\":\"https:\/\/orthodonticmask.com\/de\/#website\"},\"primaryImageOfPage\":{\"@id\":\"https:\/\/orthodonticmask.com\/de\/produkt\/petit-dynamische-kieferorthopaedische-maske\/#primaryimage\"},\"image\":{\"@id\":\"https:\/\/orthodonticmask.com\/de\/produkt\/petit-dynamische-kieferorthopaedische-maske\/#primaryimage\"},\"thumbnailUrl\":\"https:\/\/orthodonticmask.com\/wp-content\/uploads\/2024\/03\/petit_blu.jpg\",\"datePublished\":\"2024-03-25T15:53:14+00:00\",\"dateModified\":\"2024-07-03T13:50:10+00:00\",\"breadcrumb\":{\"@id\":\"https:\/\/orthodonticmask.com\/de\/produkt\/petit-dynamische-kieferorthopaedische-maske\/#breadcrumb\"},\"inLanguage\":\"de\",\"potentialAction\":[{\"@type\":\"ReadAction\",\"target\":[\"https:\/\/orthodonticmask.com\/de\/produkt\/petit-dynamische-kieferorthopaedische-maske\/\"]}]},{\"@type\":\"ImageObject\",\"inLanguage\":\"de\",\"@id\":\"https:\/\/orthodonticmask.com\/de\/produkt\/petit-dynamische-kieferorthopaedische-maske\/#primaryimage\",\"url\":\"https:\/\/orthodonticmask.com\/wp-content\/uploads\/2024\/03\/petit_blu.jpg\",\"contentUrl\":\"https:\/\/orthodonticmask.com\/wp-content\/uploads\/2024\/03\/petit_blu.jpg\",\"width\":692,\"height\":1074,\"caption\":\"petit blu\"},{\"@type\":\"BreadcrumbList\",\"@id\":\"https:\/\/orthodonticmask.com\/de\/produkt\/petit-dynamische-kieferorthopaedische-maske\/#breadcrumb\",\"itemListElement\":[{\"@type\":\"ListItem\",\"position\":1,\"name\":\"Home\",\"item\":\"https:\/\/orthodonticmask.com\/de\/\"},{\"@type\":\"ListItem\",\"position\":2,\"name\":\"Kieferorthop\u00e4dische Masken\",\"item\":\"https:\/\/orthodonticmask.com\/de\/kieferorthopaedische-masken\/\"},{\"@type\":\"ListItem\",\"position\":3,\"name\":\"Petit dynamische kieferorthop\u00e4dische Gesichtsmaske\"}]},{\"@type\":\"WebSite\",\"@id\":\"https:\/\/orthodonticmask.com\/de\/#website\",\"url\":\"https:\/\/orthodonticmask.com\/de\/\",\"name\":\"Itao orthodontic mask\",\"description\":\"Delaire and orthodontic masks\",\"publisher\":{\"@id\":\"https:\/\/orthodonticmask.com\/de\/#organization\"},\"potentialAction\":[{\"@type\":\"SearchAction\",\"target\":{\"@type\":\"EntryPoint\",\"urlTemplate\":\"https:\/\/orthodonticmask.com\/de\/?s={search_term_string}\"},\"query-input\":\"required name=search_term_string\"}],\"inLanguage\":\"de\"},{\"@type\":\"Organization\",\"@id\":\"https:\/\/orthodonticmask.com\/de\/#organization\",\"name\":\"ITA.O Italian Orthodontic System S.r.l.\",\"url\":\"https:\/\/orthodonticmask.com\/de\/\",\"logo\":{\"@type\":\"ImageObject\",\"inLanguage\":\"de\",\"@id\":\"https:\/\/orthodonticmask.com\/de\/#\/schema\/logo\/image\/\",\"url\":\"https:\/\/orthodonticmask.com\/wp-content\/uploads\/2024\/03\/cropped-ItaoIcon-min.png\",\"contentUrl\":\"https:\/\/orthodonticmask.com\/wp-content\/uploads\/2024\/03\/cropped-ItaoIcon-min.png\",\"width\":512,\"height\":512,\"caption\":\"ITA.O Italian Orthodontic System S.r.l.\"},\"image\":{\"@id\":\"https:\/\/orthodonticmask.com\/de\/#\/schema\/logo\/image\/\"}}]}<\/script>\n<!-- \/ Yoast SEO plugin. -->","yoast_head_json":{"title":"Petit dynamische kieferorthop\u00e4dische Gesichtsmaske | Itao orthodontic mask","robots":{"index":"index","follow":"follow","max-snippet":"max-snippet:-1","max-image-preview":"max-image-preview:large","max-video-preview":"max-video-preview:-1"},"canonical":"https:\/\/orthodonticmask.com\/de\/produkt\/petit-dynamische-kieferorthopaedische-maske\/","og_locale":"de_DE","og_type":"article","og_title":"Petit dynamische kieferorthop\u00e4dische Gesichtsmaske | Itao orthodontic mask","og_description":"Einstellbare kieferorthop\u00e4dische Gesichtsmaske","og_url":"https:\/\/orthodonticmask.com\/de\/produkt\/petit-dynamische-kieferorthopaedische-maske\/","og_site_name":"Itao orthodontic mask","article_modified_time":"2024-07-03T13:50:10+00:00","og_image":[{"width":692,"height":1074,"url":"https:\/\/orthodonticmask.com\/wp-content\/uploads\/2024\/03\/petit_blu.jpg","type":"image\/jpeg"}],"twitter_card":"summary_large_image","twitter_misc":{"Gesch\u00e4tzte Lesezeit":"1\u00a0Minute"},"schema":{"@context":"https:\/\/schema.org","@graph":[{"@type":"WebPage","@id":"https:\/\/orthodonticmask.com\/de\/produkt\/petit-dynamische-kieferorthopaedische-maske\/","url":"https:\/\/orthodonticmask.com\/de\/produkt\/petit-dynamische-kieferorthopaedische-maske\/","name":"Petit dynamische kieferorthop\u00e4dische Gesichtsmaske | Itao orthodontic mask","isPartOf":{"@id":"https:\/\/orthodonticmask.com\/de\/#website"},"primaryImageOfPage":{"@id":"https:\/\/orthodonticmask.com\/de\/produkt\/petit-dynamische-kieferorthopaedische-maske\/#primaryimage"},"image":{"@id":"https:\/\/orthodonticmask.com\/de\/produkt\/petit-dynamische-kieferorthopaedische-maske\/#primaryimage"},"thumbnailUrl":"https:\/\/orthodonticmask.com\/wp-content\/uploads\/2024\/03\/petit_blu.jpg","datePublished":"2024-03-25T15:53:14+00:00","dateModified":"2024-07-03T13:50:10+00:00","breadcrumb":{"@id":"https:\/\/orthodonticmask.com\/de\/produkt\/petit-dynamische-kieferorthopaedische-maske\/#breadcrumb"},"inLanguage":"de","potentialAction":[{"@type":"ReadAction","target":["https:\/\/orthodonticmask.com\/de\/produkt\/petit-dynamische-kieferorthopaedische-maske\/"]}]},{"@type":"ImageObject","inLanguage":"de","@id":"https:\/\/orthodonticmask.com\/de\/produkt\/petit-dynamische-kieferorthopaedische-maske\/#primaryimage","url":"https:\/\/orthodonticmask.com\/wp-content\/uploads\/2024\/03\/petit_blu.jpg","contentUrl":"https:\/\/orthodonticmask.com\/wp-content\/uploads\/2024\/03\/petit_blu.jpg","width":692,"height":1074,"caption":"petit blu"},{"@type":"BreadcrumbList","@id":"https:\/\/orthodonticmask.com\/de\/produkt\/petit-dynamische-kieferorthopaedische-maske\/#breadcrumb","itemListElement":[{"@type":"ListItem","position":1,"name":"Home","item":"https:\/\/orthodonticmask.com\/de\/"},{"@type":"ListItem","position":2,"name":"Kieferorthop\u00e4dische Masken","item":"https:\/\/orthodonticmask.com\/de\/kieferorthopaedische-masken\/"},{"@type":"ListItem","position":3,"name":"Petit dynamische kieferorthop\u00e4dische Gesichtsmaske"}]},{"@type":"WebSite","@id":"https:\/\/orthodonticmask.com\/de\/#website","url":"https:\/\/orthodonticmask.com\/de\/","name":"Itao orthodontic mask","description":"Delaire and orthodontic masks","publisher":{"@id":"https:\/\/orthodonticmask.com\/de\/#organization"},"potentialAction":[{"@type":"SearchAction","target":{"@type":"EntryPoint","urlTemplate":"https:\/\/orthodonticmask.com\/de\/?s={search_term_string}"},"query-input":"required name=search_term_string"}],"inLanguage":"de"},{"@type":"Organization","@id":"https:\/\/orthodonticmask.com\/de\/#organization","name":"ITA.O Italian Orthodontic System S.r.l.","url":"https:\/\/orthodonticmask.com\/de\/","logo":{"@type":"ImageObject","inLanguage":"de","@id":"https:\/\/orthodonticmask.com\/de\/#\/schema\/logo\/image\/","url":"https:\/\/orthodonticmask.com\/wp-content\/uploads\/2024\/03\/cropped-ItaoIcon-min.png","contentUrl":"https:\/\/orthodonticmask.com\/wp-content\/uploads\/2024\/03\/cropped-ItaoIcon-min.png","width":512,"height":512,"caption":"ITA.O Italian Orthodontic System S.r.l."},"image":{"@id":"https:\/\/orthodonticmask.com\/de\/#\/schema\/logo\/image\/"}}]}},"_links":{"self":[{"href":"https:\/\/orthodonticmask.com\/de\/wp-json\/wp\/v2\/product\/481"}],"collection":[{"href":"https:\/\/orthodonticmask.com\/de\/wp-json\/wp\/v2\/product"}],"about":[{"href":"https:\/\/orthodonticmask.com\/de\/wp-json\/wp\/v2\/types\/product"}],"wp:featuredmedia":[{"embeddable":true,"href":"https:\/\/orthodonticmask.com\/de\/wp-json\/wp\/v2\/media\/809"}],"wp:attachment":[{"href":"https:\/\/orthodonticmask.com\/de\/wp-json\/wp\/v2\/media?parent=481"}],"wp:term":[{"taxonomy":"product_cat","embeddable":true,"href":"https:\/\/orthodonticmask.com\/de\/wp-json\/wp\/v2\/product_cat?post=481"},{"taxonomy":"product_tag","embeddable":true,"href":"https:\/\/orthodonticmask.com\/de\/wp-json\/wp\/v2\/product_tag?post=481"}],"curies":[{"name":"wp","href":"https:\/\/api.w.org\/{rel}","templated":true}]}}