{"id":429,"date":"2024-03-07T09:38:24","date_gmt":"2024-03-07T09:38:24","guid":{"rendered":"https:\/\/orthodonticmask.com\/datenschutzbestimmungen\/"},"modified":"2024-04-12T15:03:14","modified_gmt":"2024-04-12T15:03:14","slug":"datenschutzbestimmungen","status":"publish","type":"page","link":"https:\/\/orthodonticmask.com\/de\/datenschutzbestimmungen\/","title":{"rendered":"Datenschutzbestimmungen"},"content":{"rendered":"<p>[et_pb_section fb_built=&#8220;1&#8243; _builder_version=&#8220;4.16&#8243; global_colors_info=&#8220;{}&#8220;][et_pb_row _builder_version=&#8220;4.16&#8243; background_size=&#8220;initial&#8220; background_position=&#8220;top_left&#8220; background_repeat=&#8220;repeat&#8220; global_colors_info=&#8220;{}&#8220;][et_pb_column type=&#8220;4_4&#8243; _builder_version=&#8220;4.16&#8243; custom_padding=&#8220;|||&#8220; global_colors_info=&#8220;{}&#8220; custom_padding__hover=&#8220;|||&#8220;][et_pb_text _builder_version=&#8220;4.24.3&#8243; background_size=&#8220;initial&#8220; background_position=&#8220;top_left&#8220; background_repeat=&#8220;repeat&#8220; hover_enabled=&#8220;0&#8243; global_colors_info=&#8220;{}&#8220; sticky_enabled=&#8220;0&#8243;]<\/p>\n<h1>Informativer Datenschutz<\/h1>\n<p>Die vorliegende Informationsschrift, die im Sinne der Kunst erstellt wurde. 13 del Regolamento UE 2016\/679. ITA.O Italian Orthodontic System S.r.l. <a href=\"https:\/\/www.itaonet.com\/\">https:\/\/www.itaonet.com<\/a>.<\/p>\n<p>Die Informationen werden nur f\u00fcr die Erbringung der von ITA.O Italian Orthodontic System S.r.l. direkt oder \u00fcber die Website angebotenen Dienstleistungen verwendet, nicht jedoch f\u00fcr andere Dienstleistungen oder Websites, die von den Nutzern \u00fcber die auf der Website ver\u00f6ffentlichten Links aufgerufen werden k\u00f6nnen.<\/p>\n<p>ITA.O Italian Orthodontic System S.r.l., con sede in Via Merighi 30\/3 &#8211; 30\/4 40055 Villanova di Castenaso (Bologna) &#8211; (), e-mail:<span> <\/span><u><br \/><a href=\"mailto:amministrazione@itaonet.com\">amministrazione@itaonet.com<\/a><br \/><\/u>C.F.\/p.IVA 03311480374 (di seguito &#8222;Titolare&#8220;)<\/p>\n<p><span>Typologie der verarbeiteten Daten<\/span><\/p>\n<p>1)<span> <\/span><u>Daten f\u00fcr die Navigation<\/u><\/p>\n<p>I sistemi informatici preposti al funzionamento di questo Sito acquisscono alcuni dati di carattere personale trasmessi mediante protocolli sicuri. Diese Erfassung ist nicht in irgendeiner Weise auf die Identifizierung des Nutzers ausgerichtet, sondern kann durch Ausarbeitungen und Verkn\u00fcpfungen mit Daten, die von anderen Personen erfasst wurden, erfolgen. Zu dieser Datenkategorie geh\u00f6ren die IP-Kennung, die Browser-Kennung, die URI-Kennung (Uniform Resource Identifier) der Anfrage, der Anfrageablauf, die Methode, mit der die Anfrage an den Server weitergeleitet wird, der numerische Code, der den Status der vom Server \u00fcbermittelten Daten angibt (z. B. buon fine, errore) und andere Parameter, die sich auf das Betriebssystem und die EDV-Umgebung des Benutzers beziehen.<\/p>\n<p>Diese Daten werden ausschlie\u00dflich zur Gewinnung von statistischen Informationen (d.h. sie werden anonymisiert) und zur Kontrolle der korrekten Funktionsweise der Website verwendet.<\/p>\n<p>2)<span> <\/span><u>Dati personali forniti volontariamente dall&#8217;utente<\/u><\/p>\n<p>Zum Teil, wie bei den Navigationsdaten vorgesehen, ist die \u00dcbermittlung personenbezogener Daten von Seiten der Nutzer m\u00f6glich. Es handelt sich um Daten, die der Besucher der Website freiwillig angibt, z. B. beim Ausf\u00fcllen des Formulars, und die nur zum Zweck der Erbringung der gew\u00fcnschten Dienstleistung verarbeitet werden.<\/p>\n<p><span>Finalit\u00e0 del trattamento<\/span><\/p>\n<p><u>Abbestellung der gew\u00fcnschten Dienstleistung<\/u><\/p>\n<p>Die von den Nutzern, die die Dienstleistungen der Website in Anspruch nehmen (z.B. Formularerstellung), gelieferten personenbezogenen Daten werden ausschlie\u00dflich zum Zweck der Erbringung der Dienstleistung oder der Erlangung von Vorteilen verwendet. Die Rechtsgrundlage f\u00fcr den Vertrag ist die Unterzeichnung einer spezifischen Anfrage und\/oder eines Vertrags.<\/p>\n<p><u>Marketingleitung<\/u><\/p>\n<p>Ohne vorherige ausdr\u00fcckliche Zustimmung des Nutzers kann ITA.O Italian Orthodontic System S.r.l. die Daten des Nutzers f\u00fcr direkte Marketingaktivit\u00e4ten nutzen, auch f\u00fcr spezifische Interessen in Bezug auf eigene Produkte oder Dienstleistungen oder die von Partnern.<\/p>\n<p>Im Falle einer Anmeldung zum Newsletter k\u00f6nnen die Daten durch Profilierungsma\u00dfnahmen in Bezug auf das Herkunftsgebiet oder in Bezug auf Ihre spezifischen Interessengebiete verarbeitet werden, um Ihnen die M\u00f6glichkeit zu geben, entsprechend Ihren Pr\u00e4ferenzen zu kommunizieren. Die Rechtsgrundlage der Behandlung ist der Konsens, der von Natur aus fakultativ ist und in jedem Moment widerrufen werden kann. Der fehlende Konsens ist kein Vorwand f\u00fcr den Abschluss des Vertrags oder die Erteilung eines bestimmten Auftrags.<\/p>\n<p>In jedem Fall kann der Inhaber die Daten, auch ohne Zustimmung, f\u00fcr die Zusendung von Mitteilungen und Werbung f\u00fcr \u00e4hnliche Produkte oder Dienstleistungen wie die zuvor erworbenen, per E-Mail weitergeben. La base giuridica del trattamento, in questo caso, \u00e8 il legittimo interesse del Titolare del trattamento.<\/p>\n<p><span>Modalit\u00e4ten der Kommunikation<\/span><\/p>\n<p>Die erfassten personenbezogenen Daten werden nur von einer Person verarbeitet, die aufgrund ihrer eigenen T\u00e4tigkeit Kenntnis von den Daten haben muss, oder von externen Personen, die im Auftrag des Eigent\u00fcmers Dienstleistungen erbringen (z. B. bei der Verwaltung des Informatiksystems) oder mit dem Eigent\u00fcmer zusammenarbeiten und die als Verantwortliche f\u00fcr die Datenverarbeitung oder als selbst\u00e4ndige Eigent\u00fcmer auftreten k\u00f6nnen, agenzie e societ\u00e0 di comunicazione) oder che collaborano con il Titolare e che potranno agire quali Responsabili del trattamento o Titolari autonomi.<\/p>\n<p><span>Modalit\u00e0 del trattamento<\/span><\/p>\n<p>Die Verarbeitung der Daten erfolgt mit Hilfe von Informatikmitteln, die die Sicherheit und den Schutz der eigenen Daten unter Einhaltung der vom Betreiber festgelegten Sicherheitsma\u00dfnahmen durch sichere Kommunikationsprotokolle mit SSL-Kryptoalgorithmen gew\u00e4hrleisten.<\/p>\n<p>Die Daten k\u00f6nnen telematisch und auch automatisch, mit oder ohne Einsatz elektronischer Mittel nach den Grunds\u00e4tzen der Korrektheit, der Rechtm\u00e4\u00dfigkeit und der Transparenz verarbeitet werden.<\/p>\n<p>I dati potrebbero essere trasferiti verso un Paese terzo sulla base delle decisioni di adeguatezza della Commissione europea ovvero sulla base di adeguate garanzie previste dalla normativa vigente (artt. 45-46 del Regolamento UE 2016\/679).<\/p>\n<p>Die erfassten pers\u00f6nlichen Daten werden nicht weitergegeben.<\/p>\n<p><span>Zeitraum der Konservierung<\/span><\/p>\n<p>Die vom Nutzer eingegebenen personenbezogenen Daten werden f\u00fcr einen Zeitraum aufbewahrt, der nicht l\u00e4nger ist als f\u00fcr die Erreichung des Ziels, f\u00fcr das sie erhoben wurden, und f\u00fcr den gr\u00f6\u00dften Zeitraum, der in der Gesetzgebung vorgesehen ist (10 Jahre im Falle des Erwerbs von Web-Services).<\/p>\n<p>Die zu Marketingzwecken verarbeiteten Daten werden bis zum Widerruf des Einverst\u00e4ndnisses aufbewahrt, jedoch nur f\u00fcr einen Zeitraum von h\u00f6chstens 10 Jahren.<\/p>\n<p><span>Rechte interessierter Kreise<\/span><\/p>\n<p>L&#8217;Utente in ogni momento potr\u00e0 esercitare i propri diritti, in qualit\u00e0 di interessato, nei confronti del Titolare del trattamento. Insbesondere k\u00f6nnen:<\/p>\n<ol>\n<li>den Zugang zu den personenbezogenen Daten, die sie betreffen, zu verweigern, sie zu \u00e4ndern, zu integrieren oder zu l\u00f6schen oder den Datenverkehr zu beschr\u00e4nken;<\/li>\n<li>die \u00dcbertragbarkeit der entsprechenden Daten zu gew\u00e4hrleisten;<\/li>\n<li>in einem bestimmten Moment die Zustimmung zur Verarbeitung der eigenen Daten zu widerrufen, die zuvor erteilt wurde;<\/li>\n<li>opporsi, in tutto o in parte, al trattamento dei Suoi datai;<\/li>\n<li>proporre reclamo ad un&#8217;Autorit\u00e0 di controllo;<\/li>\n<\/ol>\n<p>L&#8217;Utente pu\u00f2 esercitare i suoi diritti con richiesta scritta, inviata al Titolare del trattamento, all&#8217;indirizzo e-mail:<span> <\/span><a href=\"https:\/\/www.itaonet.com\/amministrazione@itaonet.com\">amministrazione@itaonet.com.<\/a><\/p>\n<p><span>\u00c4nderungen der Informationen zum Datenschutz<\/span><\/p>\n<p>Die vorliegende Datenschutzinformation kann im Laufe der Zeit \u00c4nderungen erfahren &#8211; auch im Zusammenhang mit der eventuellen Inkraftsetzung neuer Rechtsvorschriften, der Erweiterung oder Abschaffung neuer Dienste oder technologischer Neuerungen -, weshalb der Benutzer\/Besucher aufgefordert wird, diese Seite regelm\u00e4\u00dfig zu konsultieren.<\/p>\n<p>[\/et_pb_text][\/et_pb_column][\/et_pb_row][\/et_pb_section]<\/p>\n","protected":false},"excerpt":{"rendered":"<p>Informativer Datenschutz Die vorliegende Informationsschrift, die im Sinne der Kunst erstellt wurde. 13 del Regolamento UE 2016\/679. ITA.O Italian Orthodontic System S.r.l. https:\/\/www.itaonet.com. Die Informationen werden nur f\u00fcr die Erbringung der von ITA.O Italian Orthodontic System S.r.l. direkt oder \u00fcber die Website angebotenen Dienstleistungen verwendet, nicht jedoch f\u00fcr andere Dienstleistungen oder Websites, die von den [&hellip;]<\/p>\n","protected":false},"author":1,"featured_media":0,"parent":0,"menu_order":0,"comment_status":"closed","ping_status":"open","template":"","meta":{"_et_pb_use_builder":"on","_et_pb_old_content":"","_et_gb_content_width":"","footnotes":""},"yoast_head":"<!-- This site is optimized with the Yoast SEO plugin v22.5 - https:\/\/yoast.com\/wordpress\/plugins\/seo\/ -->\n<title>Datenschutzbestimmungen | Itao orthodontic mask<\/title>\n<meta name=\"robots\" content=\"index, follow, max-snippet:-1, max-image-preview:large, max-video-preview:-1\" \/>\n<link rel=\"canonical\" href=\"https:\/\/orthodonticmask.com\/de\/datenschutzbestimmungen\/\" \/>\n<meta property=\"og:locale\" content=\"de_DE\" \/>\n<meta property=\"og:type\" content=\"article\" \/>\n<meta property=\"og:title\" content=\"Datenschutzbestimmungen | Itao orthodontic mask\" \/>\n<meta property=\"og:description\" content=\"Informativer Datenschutz Die vorliegende Informationsschrift, die im Sinne der Kunst erstellt wurde. 13 del Regolamento UE 2016\/679. ITA.O Italian Orthodontic System S.r.l. https:\/\/www.itaonet.com. Die Informationen werden nur f\u00fcr die Erbringung der von ITA.O Italian Orthodontic System S.r.l. direkt oder \u00fcber die Website angebotenen Dienstleistungen verwendet, nicht jedoch f\u00fcr andere Dienstleistungen oder Websites, die von den [&hellip;]\" \/>\n<meta property=\"og:url\" content=\"https:\/\/orthodonticmask.com\/de\/datenschutzbestimmungen\/\" \/>\n<meta property=\"og:site_name\" content=\"Itao orthodontic mask\" \/>\n<meta property=\"article:modified_time\" content=\"2024-04-12T15:03:14+00:00\" \/>\n<meta property=\"og:image\" content=\"https:\/\/orthodonticmask.com\/wp-content\/uploads\/2024\/03\/mascherablu.jpg\" \/>\n\t<meta property=\"og:image:width\" content=\"1015\" \/>\n\t<meta property=\"og:image:height\" content=\"767\" \/>\n\t<meta property=\"og:image:type\" content=\"image\/jpeg\" \/>\n<meta name=\"twitter:card\" content=\"summary_large_image\" \/>\n<meta name=\"twitter:label1\" content=\"Gesch\u00e4tzte Lesezeit\" \/>\n\t<meta name=\"twitter:data1\" content=\"5\u00a0Minuten\" \/>\n<script type=\"application\/ld+json\" class=\"yoast-schema-graph\">{\"@context\":\"https:\/\/schema.org\",\"@graph\":[{\"@type\":\"WebPage\",\"@id\":\"https:\/\/orthodonticmask.com\/de\/datenschutzbestimmungen\/\",\"url\":\"https:\/\/orthodonticmask.com\/de\/datenschutzbestimmungen\/\",\"name\":\"Datenschutzbestimmungen | Itao orthodontic mask\",\"isPartOf\":{\"@id\":\"https:\/\/orthodonticmask.com\/de\/#website\"},\"datePublished\":\"2024-03-07T09:38:24+00:00\",\"dateModified\":\"2024-04-12T15:03:14+00:00\",\"breadcrumb\":{\"@id\":\"https:\/\/orthodonticmask.com\/de\/datenschutzbestimmungen\/#breadcrumb\"},\"inLanguage\":\"de\",\"potentialAction\":[{\"@type\":\"ReadAction\",\"target\":[\"https:\/\/orthodonticmask.com\/de\/datenschutzbestimmungen\/\"]}]},{\"@type\":\"BreadcrumbList\",\"@id\":\"https:\/\/orthodonticmask.com\/de\/datenschutzbestimmungen\/#breadcrumb\",\"itemListElement\":[{\"@type\":\"ListItem\",\"position\":1,\"name\":\"Home\",\"item\":\"https:\/\/orthodonticmask.com\/de\/\"},{\"@type\":\"ListItem\",\"position\":2,\"name\":\"Datenschutzbestimmungen\"}]},{\"@type\":\"WebSite\",\"@id\":\"https:\/\/orthodonticmask.com\/de\/#website\",\"url\":\"https:\/\/orthodonticmask.com\/de\/\",\"name\":\"Itao orthodontic mask\",\"description\":\"Delaire and orthodontic masks\",\"publisher\":{\"@id\":\"https:\/\/orthodonticmask.com\/de\/#organization\"},\"potentialAction\":[{\"@type\":\"SearchAction\",\"target\":{\"@type\":\"EntryPoint\",\"urlTemplate\":\"https:\/\/orthodonticmask.com\/de\/?s={search_term_string}\"},\"query-input\":\"required name=search_term_string\"}],\"inLanguage\":\"de\"},{\"@type\":\"Organization\",\"@id\":\"https:\/\/orthodonticmask.com\/de\/#organization\",\"name\":\"ITA.O Italian Orthodontic System S.r.l.\",\"url\":\"https:\/\/orthodonticmask.com\/de\/\",\"logo\":{\"@type\":\"ImageObject\",\"inLanguage\":\"de\",\"@id\":\"https:\/\/orthodonticmask.com\/de\/#\/schema\/logo\/image\/\",\"url\":\"https:\/\/orthodonticmask.com\/wp-content\/uploads\/2024\/03\/cropped-ItaoIcon-min.png\",\"contentUrl\":\"https:\/\/orthodonticmask.com\/wp-content\/uploads\/2024\/03\/cropped-ItaoIcon-min.png\",\"width\":512,\"height\":512,\"caption\":\"ITA.O Italian Orthodontic System S.r.l.\"},\"image\":{\"@id\":\"https:\/\/orthodonticmask.com\/de\/#\/schema\/logo\/image\/\"}}]}<\/script>\n<!-- \/ Yoast SEO plugin. -->","yoast_head_json":{"title":"Datenschutzbestimmungen | Itao orthodontic mask","robots":{"index":"index","follow":"follow","max-snippet":"max-snippet:-1","max-image-preview":"max-image-preview:large","max-video-preview":"max-video-preview:-1"},"canonical":"https:\/\/orthodonticmask.com\/de\/datenschutzbestimmungen\/","og_locale":"de_DE","og_type":"article","og_title":"Datenschutzbestimmungen | Itao orthodontic mask","og_description":"Informativer Datenschutz Die vorliegende Informationsschrift, die im Sinne der Kunst erstellt wurde. 13 del Regolamento UE 2016\/679. ITA.O Italian Orthodontic System S.r.l. https:\/\/www.itaonet.com. Die Informationen werden nur f\u00fcr die Erbringung der von ITA.O Italian Orthodontic System S.r.l. direkt oder \u00fcber die Website angebotenen Dienstleistungen verwendet, nicht jedoch f\u00fcr andere Dienstleistungen oder Websites, die von den [&hellip;]","og_url":"https:\/\/orthodonticmask.com\/de\/datenschutzbestimmungen\/","og_site_name":"Itao orthodontic mask","article_modified_time":"2024-04-12T15:03:14+00:00","og_image":[{"width":1015,"height":767,"url":"https:\/\/orthodonticmask.com\/wp-content\/uploads\/2024\/03\/mascherablu.jpg","type":"image\/jpeg"}],"twitter_card":"summary_large_image","twitter_misc":{"Gesch\u00e4tzte Lesezeit":"5\u00a0Minuten"},"schema":{"@context":"https:\/\/schema.org","@graph":[{"@type":"WebPage","@id":"https:\/\/orthodonticmask.com\/de\/datenschutzbestimmungen\/","url":"https:\/\/orthodonticmask.com\/de\/datenschutzbestimmungen\/","name":"Datenschutzbestimmungen | Itao orthodontic mask","isPartOf":{"@id":"https:\/\/orthodonticmask.com\/de\/#website"},"datePublished":"2024-03-07T09:38:24+00:00","dateModified":"2024-04-12T15:03:14+00:00","breadcrumb":{"@id":"https:\/\/orthodonticmask.com\/de\/datenschutzbestimmungen\/#breadcrumb"},"inLanguage":"de","potentialAction":[{"@type":"ReadAction","target":["https:\/\/orthodonticmask.com\/de\/datenschutzbestimmungen\/"]}]},{"@type":"BreadcrumbList","@id":"https:\/\/orthodonticmask.com\/de\/datenschutzbestimmungen\/#breadcrumb","itemListElement":[{"@type":"ListItem","position":1,"name":"Home","item":"https:\/\/orthodonticmask.com\/de\/"},{"@type":"ListItem","position":2,"name":"Datenschutzbestimmungen"}]},{"@type":"WebSite","@id":"https:\/\/orthodonticmask.com\/de\/#website","url":"https:\/\/orthodonticmask.com\/de\/","name":"Itao orthodontic mask","description":"Delaire and orthodontic masks","publisher":{"@id":"https:\/\/orthodonticmask.com\/de\/#organization"},"potentialAction":[{"@type":"SearchAction","target":{"@type":"EntryPoint","urlTemplate":"https:\/\/orthodonticmask.com\/de\/?s={search_term_string}"},"query-input":"required name=search_term_string"}],"inLanguage":"de"},{"@type":"Organization","@id":"https:\/\/orthodonticmask.com\/de\/#organization","name":"ITA.O Italian Orthodontic System S.r.l.","url":"https:\/\/orthodonticmask.com\/de\/","logo":{"@type":"ImageObject","inLanguage":"de","@id":"https:\/\/orthodonticmask.com\/de\/#\/schema\/logo\/image\/","url":"https:\/\/orthodonticmask.com\/wp-content\/uploads\/2024\/03\/cropped-ItaoIcon-min.png","contentUrl":"https:\/\/orthodonticmask.com\/wp-content\/uploads\/2024\/03\/cropped-ItaoIcon-min.png","width":512,"height":512,"caption":"ITA.O Italian Orthodontic System S.r.l."},"image":{"@id":"https:\/\/orthodonticmask.com\/de\/#\/schema\/logo\/image\/"}}]}},"_links":{"self":[{"href":"https:\/\/orthodonticmask.com\/de\/wp-json\/wp\/v2\/pages\/429"}],"collection":[{"href":"https:\/\/orthodonticmask.com\/de\/wp-json\/wp\/v2\/pages"}],"about":[{"href":"https:\/\/orthodonticmask.com\/de\/wp-json\/wp\/v2\/types\/page"}],"author":[{"embeddable":true,"href":"https:\/\/orthodonticmask.com\/de\/wp-json\/wp\/v2\/users\/1"}],"replies":[{"embeddable":true,"href":"https:\/\/orthodonticmask.com\/de\/wp-json\/wp\/v2\/comments?post=429"}],"version-history":[{"count":3,"href":"https:\/\/orthodonticmask.com\/de\/wp-json\/wp\/v2\/pages\/429\/revisions"}],"predecessor-version":[{"id":591,"href":"https:\/\/orthodonticmask.com\/de\/wp-json\/wp\/v2\/pages\/429\/revisions\/591"}],"wp:attachment":[{"href":"https:\/\/orthodonticmask.com\/de\/wp-json\/wp\/v2\/media?parent=429"}],"curies":[{"name":"wp","href":"https:\/\/api.w.org\/{rel}","templated":true}]}}